{"id":1108,"date":"2023-08-29T14:35:53","date_gmt":"2023-08-29T14:35:53","guid":{"rendered":"https:\/\/acgassinois.com\/?page_id=1108"},"modified":"2025-09-03T09:32:59","modified_gmt":"2025-09-03T09:32:59","slug":"rentree-2023","status":"publish","type":"page","link":"https:\/\/acgassinois.com\/","title":{"rendered":"SORTIES HEBDOMADAIRES"},"content":{"rendered":"\n<p class=\"animated backInDown\"><br>Reprise le <strong>Mercredi 10 Septembre ! <\/strong><br>Rendez-vous \u00e0 <strong>Caruby<\/strong> ( Chemin de Caruby &#8211; Gassin ). <\/p>\n\n\n\n<p class=\"animated backInDown\"><strong>Horaires : 14h15 &#8211; 17h00 <\/strong><\/p>\n\n\n\n<p class=\"animated backInLeft\">Nouveaut\u00e9 : <br>Chaque mercredi, des ateliers d\u00e9di\u00e9s seront propos\u00e9s : <br>&#8211; 1h pour les petits <br>&#8211; 1h30 pour les moyens<br><br>Le reste de la sortie sera consacr\u00e9 au roulage, tout comme les samedis. <\/p>\n\n\n\n<p class=\"animated backInRight\"><strong><em>Equipements obligatoires : <br>&#8211; 1 VTT r\u00e9vis\u00e9 <br>&#8211; Casque<br>&#8211; Gants <br>&#8211; V\u00eatements adapt\u00e9s \u00e0 la pratique du VTT <br>&#8211; R\u00e9serve d&rsquo;eau d&rsquo;environ 1L <br>&#8211; Nourriture \/ barre \u00e9nerg\u00e9tique <br>&#8211; Une chambre \u00e0 air <\/em><\/strong><\/p>\n\n\n\n<p class=\"animated fadeIn\">Pour des informations compl\u00e9mentaire sur les sorties, suivez-nous sur <a href=\"https:\/\/www.instagram.com\/acgassinois\/\">Instagram<\/a> &amp; <a href=\"https:\/\/www.facebook.com\/ACGassin\/\">Facebook<\/a> ! <br><br>Merci !<\/p>\n\n\n\n<p><\/p>\n","protected":false},"excerpt":{"rendered":"<p>Reprise le Mercredi 10 Septembre ! Rendez-vous \u00e0 Caruby ( Chemin de Caruby &#8211; Gassin ). Horaires : 14h15 &#8211; 17h00 Nouveaut\u00e9 : Chaque mercredi, des ateliers d\u00e9di\u00e9s seront propos\u00e9s : &#8211; 1h pour les petits &#8211; 1h30 pour les moyens Le reste de la sortie sera consacr\u00e9 au roulage, tout comme les samedis. Equipements &hellip; <\/p>\n<p class=\"link-more\"><a href=\"https:\/\/acgassinois.com\/\" class=\"more-link\">Continuer la lecture<span class=\"screen-reader-text\"> de &laquo;&nbsp;SORTIES HEBDOMADAIRES&nbsp;&raquo;<\/span><\/a><\/p>\n","protected":false},"author":1,"featured_media":0,"parent":0,"menu_order":0,"comment_status":"closed","ping_status":"closed","template":"","meta":{"_acf_changed":false,"_themeisle_gutenberg_block_has_review":false,"footnotes":""},"class_list":["post-1108","page","type-page","status-publish","hentry"],"acf":[],"yoast_head":"<!-- This site is optimized with the Yoast SEO plugin v27.3 - https:\/\/yoast.com\/product\/yoast-seo-wordpress\/ -->\n<title>SORTIES HEBDOMADAIRES - Avenir Cycliste Gassinois<\/title>\n<meta name=\"robots\" content=\"index, follow, max-snippet:-1, max-image-preview:large, max-video-preview:-1\" \/>\n<link rel=\"canonical\" href=\"https:\/\/acgassinois.com\/\" \/>\n<meta property=\"og:locale\" content=\"fr_FR\" \/>\n<meta property=\"og:type\" content=\"article\" \/>\n<meta property=\"og:title\" content=\"SORTIES HEBDOMADAIRES - Avenir Cycliste Gassinois\" \/>\n<meta property=\"og:description\" content=\"Reprise le Mercredi 10 Septembre ! Rendez-vous \u00e0 Caruby ( Chemin de Caruby &#8211; Gassin ). Horaires : 14h15 &#8211; 17h00 Nouveaut\u00e9 : Chaque mercredi, des ateliers d\u00e9di\u00e9s seront propos\u00e9s : &#8211; 1h pour les petits &#8211; 1h30 pour les moyens Le reste de la sortie sera consacr\u00e9 au roulage, tout comme les samedis. Equipements &hellip; Continuer la lecture de &laquo;&nbsp;SORTIES HEBDOMADAIRES&nbsp;&raquo;\" \/>\n<meta property=\"og:url\" content=\"https:\/\/acgassinois.com\/\" \/>\n<meta property=\"og:site_name\" content=\"Avenir Cycliste Gassinois\" \/>\n<meta property=\"article:publisher\" content=\"https:\/\/www.facebook.com\/ACGassin\/\" \/>\n<meta property=\"article:modified_time\" content=\"2025-09-03T09:32:59+00:00\" \/>\n<meta name=\"twitter:card\" content=\"summary_large_image\" \/>\n<meta name=\"twitter:label1\" content=\"Dur\u00e9e de lecture estim\u00e9e\" \/>\n\t<meta name=\"twitter:data1\" content=\"1 minute\" \/>\n<script type=\"application\/ld+json\" class=\"yoast-schema-graph\">{\"@context\":\"https:\\\/\\\/schema.org\",\"@graph\":[{\"@type\":\"WebPage\",\"@id\":\"https:\\\/\\\/acgassinois.com\\\/\",\"url\":\"https:\\\/\\\/acgassinois.com\\\/\",\"name\":\"SORTIES HEBDOMADAIRES - Avenir Cycliste Gassinois\",\"isPartOf\":{\"@id\":\"https:\\\/\\\/acgassinois.com\\\/#website\"},\"datePublished\":\"2023-08-29T14:35:53+00:00\",\"dateModified\":\"2025-09-03T09:32:59+00:00\",\"breadcrumb\":{\"@id\":\"https:\\\/\\\/acgassinois.com\\\/#breadcrumb\"},\"inLanguage\":\"fr-FR\",\"potentialAction\":[{\"@type\":\"ReadAction\",\"target\":[\"https:\\\/\\\/acgassinois.com\\\/\"]}]},{\"@type\":\"BreadcrumbList\",\"@id\":\"https:\\\/\\\/acgassinois.com\\\/#breadcrumb\",\"itemListElement\":[{\"@type\":\"ListItem\",\"position\":1,\"name\":\"Accueil\",\"item\":\"https:\\\/\\\/acgassinois.com\\\/\"},{\"@type\":\"ListItem\",\"position\":2,\"name\":\"SORTIES HEBDOMADAIRES\"}]},{\"@type\":\"WebSite\",\"@id\":\"https:\\\/\\\/acgassinois.com\\\/#website\",\"url\":\"https:\\\/\\\/acgassinois.com\\\/\",\"name\":\"Avenir Cycliste Gassinois\",\"description\":\"\",\"publisher\":{\"@id\":\"https:\\\/\\\/acgassinois.com\\\/#organization\"},\"potentialAction\":[{\"@type\":\"SearchAction\",\"target\":{\"@type\":\"EntryPoint\",\"urlTemplate\":\"https:\\\/\\\/acgassinois.com\\\/?s={search_term_string}\"},\"query-input\":{\"@type\":\"PropertyValueSpecification\",\"valueRequired\":true,\"valueName\":\"search_term_string\"}}],\"inLanguage\":\"fr-FR\"},{\"@type\":\"Organization\",\"@id\":\"https:\\\/\\\/acgassinois.com\\\/#organization\",\"name\":\"Avenir Cycliste Gassinois\",\"url\":\"https:\\\/\\\/acgassinois.com\\\/\",\"logo\":{\"@type\":\"ImageObject\",\"inLanguage\":\"fr-FR\",\"@id\":\"https:\\\/\\\/acgassinois.com\\\/#\\\/schema\\\/logo\\\/image\\\/\",\"url\":\"https:\\\/\\\/acgassinois.com\\\/wp-content\\\/uploads\\\/2019\\\/10\\\/logo_acg.png\",\"contentUrl\":\"https:\\\/\\\/acgassinois.com\\\/wp-content\\\/uploads\\\/2019\\\/10\\\/logo_acg.png\",\"width\":1753,\"height\":1240,\"caption\":\"Avenir Cycliste Gassinois\"},\"image\":{\"@id\":\"https:\\\/\\\/acgassinois.com\\\/#\\\/schema\\\/logo\\\/image\\\/\"},\"sameAs\":[\"https:\\\/\\\/www.facebook.com\\\/ACGassin\\\/\",\"https:\\\/\\\/www.instagram.com\\\/acgassinois\\\/\"]}]}<\/script>\n<!-- \/ Yoast SEO plugin. -->","yoast_head_json":{"title":"SORTIES HEBDOMADAIRES - Avenir Cycliste Gassinois","robots":{"index":"index","follow":"follow","max-snippet":"max-snippet:-1","max-image-preview":"max-image-preview:large","max-video-preview":"max-video-preview:-1"},"canonical":"https:\/\/acgassinois.com\/","og_locale":"fr_FR","og_type":"article","og_title":"SORTIES HEBDOMADAIRES - Avenir Cycliste Gassinois","og_description":"Reprise le Mercredi 10 Septembre ! Rendez-vous \u00e0 Caruby ( Chemin de Caruby &#8211; Gassin ). Horaires : 14h15 &#8211; 17h00 Nouveaut\u00e9 : Chaque mercredi, des ateliers d\u00e9di\u00e9s seront propos\u00e9s : &#8211; 1h pour les petits &#8211; 1h30 pour les moyens Le reste de la sortie sera consacr\u00e9 au roulage, tout comme les samedis. Equipements &hellip; Continuer la lecture de &laquo;&nbsp;SORTIES HEBDOMADAIRES&nbsp;&raquo;","og_url":"https:\/\/acgassinois.com\/","og_site_name":"Avenir Cycliste Gassinois","article_publisher":"https:\/\/www.facebook.com\/ACGassin\/","article_modified_time":"2025-09-03T09:32:59+00:00","twitter_card":"summary_large_image","twitter_misc":{"Dur\u00e9e de lecture estim\u00e9e":"1 minute"},"schema":{"@context":"https:\/\/schema.org","@graph":[{"@type":"WebPage","@id":"https:\/\/acgassinois.com\/","url":"https:\/\/acgassinois.com\/","name":"SORTIES HEBDOMADAIRES - Avenir Cycliste Gassinois","isPartOf":{"@id":"https:\/\/acgassinois.com\/#website"},"datePublished":"2023-08-29T14:35:53+00:00","dateModified":"2025-09-03T09:32:59+00:00","breadcrumb":{"@id":"https:\/\/acgassinois.com\/#breadcrumb"},"inLanguage":"fr-FR","potentialAction":[{"@type":"ReadAction","target":["https:\/\/acgassinois.com\/"]}]},{"@type":"BreadcrumbList","@id":"https:\/\/acgassinois.com\/#breadcrumb","itemListElement":[{"@type":"ListItem","position":1,"name":"Accueil","item":"https:\/\/acgassinois.com\/"},{"@type":"ListItem","position":2,"name":"SORTIES HEBDOMADAIRES"}]},{"@type":"WebSite","@id":"https:\/\/acgassinois.com\/#website","url":"https:\/\/acgassinois.com\/","name":"Avenir Cycliste Gassinois","description":"","publisher":{"@id":"https:\/\/acgassinois.com\/#organization"},"potentialAction":[{"@type":"SearchAction","target":{"@type":"EntryPoint","urlTemplate":"https:\/\/acgassinois.com\/?s={search_term_string}"},"query-input":{"@type":"PropertyValueSpecification","valueRequired":true,"valueName":"search_term_string"}}],"inLanguage":"fr-FR"},{"@type":"Organization","@id":"https:\/\/acgassinois.com\/#organization","name":"Avenir Cycliste Gassinois","url":"https:\/\/acgassinois.com\/","logo":{"@type":"ImageObject","inLanguage":"fr-FR","@id":"https:\/\/acgassinois.com\/#\/schema\/logo\/image\/","url":"https:\/\/acgassinois.com\/wp-content\/uploads\/2019\/10\/logo_acg.png","contentUrl":"https:\/\/acgassinois.com\/wp-content\/uploads\/2019\/10\/logo_acg.png","width":1753,"height":1240,"caption":"Avenir Cycliste Gassinois"},"image":{"@id":"https:\/\/acgassinois.com\/#\/schema\/logo\/image\/"},"sameAs":["https:\/\/www.facebook.com\/ACGassin\/","https:\/\/www.instagram.com\/acgassinois\/"]}]}},"_links":{"self":[{"href":"https:\/\/acgassinois.com\/index.php\/wp-json\/wp\/v2\/pages\/1108","targetHints":{"allow":["GET"]}}],"collection":[{"href":"https:\/\/acgassinois.com\/index.php\/wp-json\/wp\/v2\/pages"}],"about":[{"href":"https:\/\/acgassinois.com\/index.php\/wp-json\/wp\/v2\/types\/page"}],"author":[{"embeddable":true,"href":"https:\/\/acgassinois.com\/index.php\/wp-json\/wp\/v2\/users\/1"}],"replies":[{"embeddable":true,"href":"https:\/\/acgassinois.com\/index.php\/wp-json\/wp\/v2\/comments?post=1108"}],"version-history":[{"count":9,"href":"https:\/\/acgassinois.com\/index.php\/wp-json\/wp\/v2\/pages\/1108\/revisions"}],"predecessor-version":[{"id":1733,"href":"https:\/\/acgassinois.com\/index.php\/wp-json\/wp\/v2\/pages\/1108\/revisions\/1733"}],"wp:attachment":[{"href":"https:\/\/acgassinois.com\/index.php\/wp-json\/wp\/v2\/media?parent=1108"}],"curies":[{"name":"wp","href":"https:\/\/api.w.org\/{rel}","templated":true}]}}