{"id":344,"date":"2019-12-07T10:22:01","date_gmt":"2019-12-07T10:22:01","guid":{"rendered":"https:\/\/acgassinois.com\/?page_id=344"},"modified":"2020-01-14T11:49:40","modified_gmt":"2020-01-14T11:49:40","slug":"2019-2","status":"publish","type":"page","link":"https:\/\/acgassinois.com\/index.php\/2019-2\/","title":{"rendered":"2019"},"content":{"rendered":"\n<div class=\"wp-block-image\"><figure class=\"alignright size-large is-resized\"><img loading=\"lazy\" decoding=\"async\" src=\"https:\/\/acgassinois.com\/wp-content\/uploads\/2019\/12\/Logo_Enduro-durable-2.jpg\" alt=\"\" class=\"wp-image-347\" width=\"160\" height=\"184\" srcset=\"https:\/\/acgassinois.com\/wp-content\/uploads\/2019\/12\/Logo_Enduro-durable-2.jpg 618w, https:\/\/acgassinois.com\/wp-content\/uploads\/2019\/12\/Logo_Enduro-durable-2-260x300.jpg 260w\" sizes=\"auto, (max-width: 160px) 100vw, 160px\" \/><\/figure><\/div>\n\n\n\n<div class=\"wp-block-file\"><a href=\"https:\/\/acgassinois.com\/wp-content\/uploads\/2019\/12\/r\u00e9sultats-3-caps-2019.pdf\">r\u00e9sultats-3-caps-2019<\/a><a href=\"https:\/\/acgassinois.com\/wp-content\/uploads\/2019\/12\/r\u00e9sultats-3-caps-2019.pdf\" class=\"wp-block-file__button\" download>T\u00e9l\u00e9charger<\/a><\/div>\n","protected":false},"excerpt":{"rendered":"","protected":false},"author":1,"featured_media":0,"parent":0,"menu_order":0,"comment_status":"closed","ping_status":"closed","template":"","meta":{"_acf_changed":false,"_themeisle_gutenberg_block_has_review":false,"footnotes":""},"class_list":["post-344","page","type-page","status-publish","hentry"],"acf":[],"yoast_head":"<!-- This site is optimized with the Yoast SEO plugin v27.3 - https:\/\/yoast.com\/product\/yoast-seo-wordpress\/ -->\n<title>2019 - Avenir Cycliste Gassinois<\/title>\n<meta name=\"description\" content=\"Ici, l&#039;Avenir Cycliste Gassinois vous propose en t\u00e9l\u00e9chargement les r\u00e9sultats de l&#039;Enduro Des 3 Caps en 2019\" \/>\n<meta name=\"robots\" content=\"index, follow, max-snippet:-1, max-image-preview:large, max-video-preview:-1\" \/>\n<link rel=\"canonical\" href=\"https:\/\/acgassinois.com\/index.php\/2019-2\/\" \/>\n<meta property=\"og:locale\" content=\"fr_FR\" \/>\n<meta property=\"og:type\" content=\"article\" \/>\n<meta property=\"og:title\" content=\"2019 - Avenir Cycliste Gassinois\" \/>\n<meta property=\"og:description\" content=\"Ici, l&#039;Avenir Cycliste Gassinois vous propose en t\u00e9l\u00e9chargement les r\u00e9sultats de l&#039;Enduro Des 3 Caps en 2019\" \/>\n<meta property=\"og:url\" content=\"https:\/\/acgassinois.com\/index.php\/2019-2\/\" \/>\n<meta property=\"og:site_name\" content=\"Avenir Cycliste Gassinois\" \/>\n<meta property=\"article:publisher\" content=\"https:\/\/www.facebook.com\/ACGassin\/\" \/>\n<meta property=\"article:modified_time\" content=\"2020-01-14T11:49:40+00:00\" \/>\n<meta property=\"og:image\" content=\"https:\/\/acgassinois.com\/wp-content\/uploads\/2019\/12\/Logo_Enduro-durable-2.jpg\" \/>\n<meta name=\"twitter:card\" content=\"summary_large_image\" \/>\n<script type=\"application\/ld+json\" class=\"yoast-schema-graph\">{\"@context\":\"https:\\\/\\\/schema.org\",\"@graph\":[{\"@type\":\"WebPage\",\"@id\":\"https:\\\/\\\/acgassinois.com\\\/index.php\\\/2019-2\\\/\",\"url\":\"https:\\\/\\\/acgassinois.com\\\/index.php\\\/2019-2\\\/\",\"name\":\"2019 - Avenir Cycliste Gassinois\",\"isPartOf\":{\"@id\":\"https:\\\/\\\/acgassinois.com\\\/#website\"},\"primaryImageOfPage\":{\"@id\":\"https:\\\/\\\/acgassinois.com\\\/index.php\\\/2019-2\\\/#primaryimage\"},\"image\":{\"@id\":\"https:\\\/\\\/acgassinois.com\\\/index.php\\\/2019-2\\\/#primaryimage\"},\"thumbnailUrl\":\"https:\\\/\\\/acgassinois.com\\\/wp-content\\\/uploads\\\/2019\\\/12\\\/Logo_Enduro-durable-2.jpg\",\"datePublished\":\"2019-12-07T10:22:01+00:00\",\"dateModified\":\"2020-01-14T11:49:40+00:00\",\"description\":\"Ici, l'Avenir Cycliste Gassinois vous propose en t\u00e9l\u00e9chargement les r\u00e9sultats de l'Enduro Des 3 Caps en 2019\",\"breadcrumb\":{\"@id\":\"https:\\\/\\\/acgassinois.com\\\/index.php\\\/2019-2\\\/#breadcrumb\"},\"inLanguage\":\"fr-FR\",\"potentialAction\":[{\"@type\":\"ReadAction\",\"target\":[\"https:\\\/\\\/acgassinois.com\\\/index.php\\\/2019-2\\\/\"]}]},{\"@type\":\"ImageObject\",\"inLanguage\":\"fr-FR\",\"@id\":\"https:\\\/\\\/acgassinois.com\\\/index.php\\\/2019-2\\\/#primaryimage\",\"url\":\"https:\\\/\\\/acgassinois.com\\\/wp-content\\\/uploads\\\/2019\\\/12\\\/Logo_Enduro-durable-2.jpg\",\"contentUrl\":\"https:\\\/\\\/acgassinois.com\\\/wp-content\\\/uploads\\\/2019\\\/12\\\/Logo_Enduro-durable-2.jpg\",\"width\":618,\"height\":713},{\"@type\":\"BreadcrumbList\",\"@id\":\"https:\\\/\\\/acgassinois.com\\\/index.php\\\/2019-2\\\/#breadcrumb\",\"itemListElement\":[{\"@type\":\"ListItem\",\"position\":1,\"name\":\"Accueil\",\"item\":\"https:\\\/\\\/acgassinois.com\\\/\"},{\"@type\":\"ListItem\",\"position\":2,\"name\":\"2019\"}]},{\"@type\":\"WebSite\",\"@id\":\"https:\\\/\\\/acgassinois.com\\\/#website\",\"url\":\"https:\\\/\\\/acgassinois.com\\\/\",\"name\":\"Avenir Cycliste Gassinois\",\"description\":\"\",\"publisher\":{\"@id\":\"https:\\\/\\\/acgassinois.com\\\/#organization\"},\"potentialAction\":[{\"@type\":\"SearchAction\",\"target\":{\"@type\":\"EntryPoint\",\"urlTemplate\":\"https:\\\/\\\/acgassinois.com\\\/?s={search_term_string}\"},\"query-input\":{\"@type\":\"PropertyValueSpecification\",\"valueRequired\":true,\"valueName\":\"search_term_string\"}}],\"inLanguage\":\"fr-FR\"},{\"@type\":\"Organization\",\"@id\":\"https:\\\/\\\/acgassinois.com\\\/#organization\",\"name\":\"Avenir Cycliste Gassinois\",\"url\":\"https:\\\/\\\/acgassinois.com\\\/\",\"logo\":{\"@type\":\"ImageObject\",\"inLanguage\":\"fr-FR\",\"@id\":\"https:\\\/\\\/acgassinois.com\\\/#\\\/schema\\\/logo\\\/image\\\/\",\"url\":\"https:\\\/\\\/acgassinois.com\\\/wp-content\\\/uploads\\\/2019\\\/10\\\/logo_acg.png\",\"contentUrl\":\"https:\\\/\\\/acgassinois.com\\\/wp-content\\\/uploads\\\/2019\\\/10\\\/logo_acg.png\",\"width\":1753,\"height\":1240,\"caption\":\"Avenir Cycliste Gassinois\"},\"image\":{\"@id\":\"https:\\\/\\\/acgassinois.com\\\/#\\\/schema\\\/logo\\\/image\\\/\"},\"sameAs\":[\"https:\\\/\\\/www.facebook.com\\\/ACGassin\\\/\",\"https:\\\/\\\/www.instagram.com\\\/acgassinois\\\/\"]}]}<\/script>\n<!-- \/ Yoast SEO plugin. -->","yoast_head_json":{"title":"2019 - Avenir Cycliste Gassinois","description":"Ici, l'Avenir Cycliste Gassinois vous propose en t\u00e9l\u00e9chargement les r\u00e9sultats de l'Enduro Des 3 Caps en 2019","robots":{"index":"index","follow":"follow","max-snippet":"max-snippet:-1","max-image-preview":"max-image-preview:large","max-video-preview":"max-video-preview:-1"},"canonical":"https:\/\/acgassinois.com\/index.php\/2019-2\/","og_locale":"fr_FR","og_type":"article","og_title":"2019 - Avenir Cycliste Gassinois","og_description":"Ici, l'Avenir Cycliste Gassinois vous propose en t\u00e9l\u00e9chargement les r\u00e9sultats de l'Enduro Des 3 Caps en 2019","og_url":"https:\/\/acgassinois.com\/index.php\/2019-2\/","og_site_name":"Avenir Cycliste Gassinois","article_publisher":"https:\/\/www.facebook.com\/ACGassin\/","article_modified_time":"2020-01-14T11:49:40+00:00","og_image":[{"url":"https:\/\/acgassinois.com\/wp-content\/uploads\/2019\/12\/Logo_Enduro-durable-2.jpg","type":"","width":"","height":""}],"twitter_card":"summary_large_image","schema":{"@context":"https:\/\/schema.org","@graph":[{"@type":"WebPage","@id":"https:\/\/acgassinois.com\/index.php\/2019-2\/","url":"https:\/\/acgassinois.com\/index.php\/2019-2\/","name":"2019 - Avenir Cycliste Gassinois","isPartOf":{"@id":"https:\/\/acgassinois.com\/#website"},"primaryImageOfPage":{"@id":"https:\/\/acgassinois.com\/index.php\/2019-2\/#primaryimage"},"image":{"@id":"https:\/\/acgassinois.com\/index.php\/2019-2\/#primaryimage"},"thumbnailUrl":"https:\/\/acgassinois.com\/wp-content\/uploads\/2019\/12\/Logo_Enduro-durable-2.jpg","datePublished":"2019-12-07T10:22:01+00:00","dateModified":"2020-01-14T11:49:40+00:00","description":"Ici, l'Avenir Cycliste Gassinois vous propose en t\u00e9l\u00e9chargement les r\u00e9sultats de l'Enduro Des 3 Caps en 2019","breadcrumb":{"@id":"https:\/\/acgassinois.com\/index.php\/2019-2\/#breadcrumb"},"inLanguage":"fr-FR","potentialAction":[{"@type":"ReadAction","target":["https:\/\/acgassinois.com\/index.php\/2019-2\/"]}]},{"@type":"ImageObject","inLanguage":"fr-FR","@id":"https:\/\/acgassinois.com\/index.php\/2019-2\/#primaryimage","url":"https:\/\/acgassinois.com\/wp-content\/uploads\/2019\/12\/Logo_Enduro-durable-2.jpg","contentUrl":"https:\/\/acgassinois.com\/wp-content\/uploads\/2019\/12\/Logo_Enduro-durable-2.jpg","width":618,"height":713},{"@type":"BreadcrumbList","@id":"https:\/\/acgassinois.com\/index.php\/2019-2\/#breadcrumb","itemListElement":[{"@type":"ListItem","position":1,"name":"Accueil","item":"https:\/\/acgassinois.com\/"},{"@type":"ListItem","position":2,"name":"2019"}]},{"@type":"WebSite","@id":"https:\/\/acgassinois.com\/#website","url":"https:\/\/acgassinois.com\/","name":"Avenir Cycliste Gassinois","description":"","publisher":{"@id":"https:\/\/acgassinois.com\/#organization"},"potentialAction":[{"@type":"SearchAction","target":{"@type":"EntryPoint","urlTemplate":"https:\/\/acgassinois.com\/?s={search_term_string}"},"query-input":{"@type":"PropertyValueSpecification","valueRequired":true,"valueName":"search_term_string"}}],"inLanguage":"fr-FR"},{"@type":"Organization","@id":"https:\/\/acgassinois.com\/#organization","name":"Avenir Cycliste Gassinois","url":"https:\/\/acgassinois.com\/","logo":{"@type":"ImageObject","inLanguage":"fr-FR","@id":"https:\/\/acgassinois.com\/#\/schema\/logo\/image\/","url":"https:\/\/acgassinois.com\/wp-content\/uploads\/2019\/10\/logo_acg.png","contentUrl":"https:\/\/acgassinois.com\/wp-content\/uploads\/2019\/10\/logo_acg.png","width":1753,"height":1240,"caption":"Avenir Cycliste Gassinois"},"image":{"@id":"https:\/\/acgassinois.com\/#\/schema\/logo\/image\/"},"sameAs":["https:\/\/www.facebook.com\/ACGassin\/","https:\/\/www.instagram.com\/acgassinois\/"]}]}},"_links":{"self":[{"href":"https:\/\/acgassinois.com\/index.php\/wp-json\/wp\/v2\/pages\/344","targetHints":{"allow":["GET"]}}],"collection":[{"href":"https:\/\/acgassinois.com\/index.php\/wp-json\/wp\/v2\/pages"}],"about":[{"href":"https:\/\/acgassinois.com\/index.php\/wp-json\/wp\/v2\/types\/page"}],"author":[{"embeddable":true,"href":"https:\/\/acgassinois.com\/index.php\/wp-json\/wp\/v2\/users\/1"}],"replies":[{"embeddable":true,"href":"https:\/\/acgassinois.com\/index.php\/wp-json\/wp\/v2\/comments?post=344"}],"version-history":[{"count":2,"href":"https:\/\/acgassinois.com\/index.php\/wp-json\/wp\/v2\/pages\/344\/revisions"}],"predecessor-version":[{"id":399,"href":"https:\/\/acgassinois.com\/index.php\/wp-json\/wp\/v2\/pages\/344\/revisions\/399"}],"wp:attachment":[{"href":"https:\/\/acgassinois.com\/index.php\/wp-json\/wp\/v2\/media?parent=344"}],"curies":[{"name":"wp","href":"https:\/\/api.w.org\/{rel}","templated":true}]}}