{"id":50,"date":"2019-10-09T18:47:40","date_gmt":"2019-10-09T18:47:40","guid":{"rendered":"https:\/\/acgassinois.com\/?page_id=50"},"modified":"2025-09-03T09:31:54","modified_gmt":"2025-09-03T09:31:54","slug":"sorties-hebdomadaires","status":"publish","type":"page","link":"https:\/\/acgassinois.com\/index.php\/sorties-hebdomadaires\/","title":{"rendered":"Sorties hebdomadaires"},"content":{"rendered":"\n<p class=\"animated backInUp has-medium-font-size\">Les sorties du club se d\u00e9roulent tous les <strong>mercredis et samedis, l\u2019apr\u00e8s-midi.<\/strong><br>Les sorties se font au d\u00e9part de Gassin ( Caruby ), et sont \u00e0 <strong>14h15<\/strong>. <br><br>Chaque sortie se compose de 3 groupes en moyenne<\/p>\n\n\n\n<div class=\"wp-block-group\"><div class=\"wp-block-group__inner-container is-layout-constrained wp-block-group-is-layout-constrained\">\n<p class=\"animated backInLeft has-luminous-vivid-orange-background-color has-background has-medium-font-size\">.-&nbsp;<em>Les petits (apprentissage du VTT, exercice de maniabilit\u00e9, d\u00e9couverte du plaisir de rouler dans la nature, am\u00e9lioration de la condition physique)<\/em><\/p>\n\n\n\n<p class=\"animated backInRight has-luminous-vivid-orange-background-color has-background has-medium-font-size\">&#8211;&nbsp;<em>Les grands (exercice de maniabilit\u00e9, d\u00e9couverte de l\u2019enduro, entrainement technique et physique,&nbsp;am\u00e9lioration de la condition physique, <em>initiation et accompagnement \u00e0 la comp\u00e9tition<\/em>)<\/em><\/p>\n\n\n\n<p class=\"animated backInLeft has-luminous-vivid-orange-background-color has-background has-medium-font-size\">&#8211;&nbsp;<em>Le groupe R (plaisir de rouler, d\u00e9couverte de notre belle r\u00e9gion, d\u00e9paysement,&nbsp;am\u00e9lioration de la condition physique&nbsp;et de la technique).<\/em><\/p>\n<\/div><\/div>\n\n\n\n<p class=\"animated backInDown has-medium-font-size\"><br>Tous nos cours sont encadr\u00e9s par des <strong>accompagnateurs<\/strong> dot\u00e9s de <strong>dipl\u00f4mes\u00a0FFC ou nationaux.<\/strong><br><\/p>\n\n\n\n<p class=\"animated backInDown has-medium-font-size\">Pr\u00e9 requis&nbsp;: avoir la passion ou l\u2019envie de d\u00e9couvrir ce sport passionnant, vouloir se d\u00e9passer ou simplement profiter d\u2019une belle balade entre amis ! <br><br>Update rentr\u00e9e 2025 : <br><br>Reprise le&nbsp;<strong>Mercredi 10 Septembre !<\/strong><br>Rendez-vous \u00e0&nbsp;<strong>Caruby<\/strong>&nbsp;( Chemin de Caruby \u2013 Gassin ).<\/p>\n\n\n\n<p class=\"animated backInDown\"><strong>Horaires : 14h15 \u2013 17h00<\/strong><\/p>\n\n\n\n<p class=\"animated backInDown has-medium-font-size\">Nouveaut\u00e9 :<br>Chaque mercredi, des ateliers d\u00e9di\u00e9s seront propos\u00e9s :<br>\u2013 1h pour les petits<br>\u2013 1h30 pour les moyens<br><br>Le reste de la sortie sera consacr\u00e9 au roulage, tout comme les samedis.<\/p>\n\n\n\n<p class=\"animated backInDown has-medium-font-size\">Equipements obligatoires : <br>&#8211; 1 VTT r\u00e9vis\u00e9 <br>&#8211; Casque <br>&#8211; Gants <br>&#8211; V\u00eatements adapt\u00e9s \u00e0 la pratique du VTT <br>&#8211; R\u00e9serve d&rsquo;eau d&rsquo;environ 1L <br>&#8211; Nourriture \/ barre \u00e9nerg\u00e9tique <br>&#8211; Une chambre \u00e0 air <\/p>\n\n\n\n<p class=\"has-medium-font-size\"><br><\/p>\n","protected":false},"excerpt":{"rendered":"<p>Les sorties du club se d\u00e9roulent tous les mercredis et samedis, l\u2019apr\u00e8s-midi.Les sorties se font au d\u00e9part de Gassin ( Caruby ), et sont \u00e0 14h15. Chaque sortie se compose de 3 groupes en moyenne .-&nbsp;Les petits (apprentissage du VTT, exercice de maniabilit\u00e9, d\u00e9couverte du plaisir de rouler dans la nature, am\u00e9lioration de la condition &hellip; <\/p>\n<p class=\"link-more\"><a href=\"https:\/\/acgassinois.com\/index.php\/sorties-hebdomadaires\/\" class=\"more-link\">Continuer la lecture<span class=\"screen-reader-text\"> de &laquo;&nbsp;Sorties hebdomadaires&nbsp;&raquo;<\/span><\/a><\/p>\n","protected":false},"author":1,"featured_media":579,"parent":0,"menu_order":0,"comment_status":"closed","ping_status":"closed","template":"","meta":{"_acf_changed":false,"_themeisle_gutenberg_block_has_review":false,"footnotes":""},"class_list":["post-50","page","type-page","status-publish","has-post-thumbnail","hentry"],"acf":[],"yoast_head":"<!-- This site is optimized with the Yoast SEO plugin v27.3 - https:\/\/yoast.com\/product\/yoast-seo-wordpress\/ -->\n<title>Sorties hebdomadaires - Avenir Cycliste Gassinois<\/title>\n<meta name=\"description\" content=\"Ici, vous trouverez les informations concernant les sorties hebdomadaires de l&#039;avenir cycliste gassinois, le meilleur du vtt sur gassin.\" \/>\n<meta name=\"robots\" content=\"index, follow, max-snippet:-1, max-image-preview:large, max-video-preview:-1\" \/>\n<link rel=\"canonical\" href=\"https:\/\/acgassinois.com\/index.php\/sorties-hebdomadaires\/\" \/>\n<meta property=\"og:locale\" content=\"fr_FR\" \/>\n<meta property=\"og:type\" content=\"article\" \/>\n<meta property=\"og:title\" content=\"Sorties hebdomadaires - Avenir Cycliste Gassinois\" \/>\n<meta property=\"og:description\" content=\"Ici, vous trouverez les informations concernant les sorties hebdomadaires de l&#039;avenir cycliste gassinois, le meilleur du vtt sur gassin.\" \/>\n<meta property=\"og:url\" content=\"https:\/\/acgassinois.com\/index.php\/sorties-hebdomadaires\/\" \/>\n<meta property=\"og:site_name\" content=\"Avenir Cycliste Gassinois\" \/>\n<meta property=\"article:publisher\" content=\"https:\/\/www.facebook.com\/ACGassin\/\" \/>\n<meta property=\"article:modified_time\" content=\"2025-09-03T09:31:54+00:00\" \/>\n<meta property=\"og:image\" content=\"https:\/\/acgassinois.com\/wp-content\/uploads\/2020\/01\/DJI_0009-1-scaled.jpg\" \/>\n\t<meta property=\"og:image:width\" content=\"2560\" \/>\n\t<meta property=\"og:image:height\" content=\"1439\" \/>\n\t<meta property=\"og:image:type\" content=\"image\/jpeg\" \/>\n<meta name=\"twitter:card\" content=\"summary_large_image\" \/>\n<meta name=\"twitter:label1\" content=\"Dur\u00e9e de lecture estim\u00e9e\" \/>\n\t<meta name=\"twitter:data1\" content=\"2 minutes\" \/>\n<script type=\"application\/ld+json\" class=\"yoast-schema-graph\">{\"@context\":\"https:\\\/\\\/schema.org\",\"@graph\":[{\"@type\":\"WebPage\",\"@id\":\"https:\\\/\\\/acgassinois.com\\\/index.php\\\/sorties-hebdomadaires\\\/\",\"url\":\"https:\\\/\\\/acgassinois.com\\\/index.php\\\/sorties-hebdomadaires\\\/\",\"name\":\"Sorties hebdomadaires - Avenir Cycliste Gassinois\",\"isPartOf\":{\"@id\":\"https:\\\/\\\/acgassinois.com\\\/#website\"},\"primaryImageOfPage\":{\"@id\":\"https:\\\/\\\/acgassinois.com\\\/index.php\\\/sorties-hebdomadaires\\\/#primaryimage\"},\"image\":{\"@id\":\"https:\\\/\\\/acgassinois.com\\\/index.php\\\/sorties-hebdomadaires\\\/#primaryimage\"},\"thumbnailUrl\":\"https:\\\/\\\/acgassinois.com\\\/wp-content\\\/uploads\\\/2020\\\/01\\\/DJI_0009-1-scaled.jpg\",\"datePublished\":\"2019-10-09T18:47:40+00:00\",\"dateModified\":\"2025-09-03T09:31:54+00:00\",\"description\":\"Ici, vous trouverez les informations concernant les sorties hebdomadaires de l'avenir cycliste gassinois, le meilleur du vtt sur gassin.\",\"breadcrumb\":{\"@id\":\"https:\\\/\\\/acgassinois.com\\\/index.php\\\/sorties-hebdomadaires\\\/#breadcrumb\"},\"inLanguage\":\"fr-FR\",\"potentialAction\":[{\"@type\":\"ReadAction\",\"target\":[\"https:\\\/\\\/acgassinois.com\\\/index.php\\\/sorties-hebdomadaires\\\/\"]}]},{\"@type\":\"ImageObject\",\"inLanguage\":\"fr-FR\",\"@id\":\"https:\\\/\\\/acgassinois.com\\\/index.php\\\/sorties-hebdomadaires\\\/#primaryimage\",\"url\":\"https:\\\/\\\/acgassinois.com\\\/wp-content\\\/uploads\\\/2020\\\/01\\\/DJI_0009-1-scaled.jpg\",\"contentUrl\":\"https:\\\/\\\/acgassinois.com\\\/wp-content\\\/uploads\\\/2020\\\/01\\\/DJI_0009-1-scaled.jpg\",\"width\":2560,\"height\":1439,\"caption\":\"created by dji camera\"},{\"@type\":\"BreadcrumbList\",\"@id\":\"https:\\\/\\\/acgassinois.com\\\/index.php\\\/sorties-hebdomadaires\\\/#breadcrumb\",\"itemListElement\":[{\"@type\":\"ListItem\",\"position\":1,\"name\":\"Accueil\",\"item\":\"https:\\\/\\\/acgassinois.com\\\/\"},{\"@type\":\"ListItem\",\"position\":2,\"name\":\"Sorties hebdomadaires\"}]},{\"@type\":\"WebSite\",\"@id\":\"https:\\\/\\\/acgassinois.com\\\/#website\",\"url\":\"https:\\\/\\\/acgassinois.com\\\/\",\"name\":\"Avenir Cycliste Gassinois\",\"description\":\"\",\"publisher\":{\"@id\":\"https:\\\/\\\/acgassinois.com\\\/#organization\"},\"potentialAction\":[{\"@type\":\"SearchAction\",\"target\":{\"@type\":\"EntryPoint\",\"urlTemplate\":\"https:\\\/\\\/acgassinois.com\\\/?s={search_term_string}\"},\"query-input\":{\"@type\":\"PropertyValueSpecification\",\"valueRequired\":true,\"valueName\":\"search_term_string\"}}],\"inLanguage\":\"fr-FR\"},{\"@type\":\"Organization\",\"@id\":\"https:\\\/\\\/acgassinois.com\\\/#organization\",\"name\":\"Avenir Cycliste Gassinois\",\"url\":\"https:\\\/\\\/acgassinois.com\\\/\",\"logo\":{\"@type\":\"ImageObject\",\"inLanguage\":\"fr-FR\",\"@id\":\"https:\\\/\\\/acgassinois.com\\\/#\\\/schema\\\/logo\\\/image\\\/\",\"url\":\"https:\\\/\\\/acgassinois.com\\\/wp-content\\\/uploads\\\/2019\\\/10\\\/logo_acg.png\",\"contentUrl\":\"https:\\\/\\\/acgassinois.com\\\/wp-content\\\/uploads\\\/2019\\\/10\\\/logo_acg.png\",\"width\":1753,\"height\":1240,\"caption\":\"Avenir Cycliste Gassinois\"},\"image\":{\"@id\":\"https:\\\/\\\/acgassinois.com\\\/#\\\/schema\\\/logo\\\/image\\\/\"},\"sameAs\":[\"https:\\\/\\\/www.facebook.com\\\/ACGassin\\\/\",\"https:\\\/\\\/www.instagram.com\\\/acgassinois\\\/\"]}]}<\/script>\n<!-- \/ Yoast SEO plugin. -->","yoast_head_json":{"title":"Sorties hebdomadaires - Avenir Cycliste Gassinois","description":"Ici, vous trouverez les informations concernant les sorties hebdomadaires de l'avenir cycliste gassinois, le meilleur du vtt sur gassin.","robots":{"index":"index","follow":"follow","max-snippet":"max-snippet:-1","max-image-preview":"max-image-preview:large","max-video-preview":"max-video-preview:-1"},"canonical":"https:\/\/acgassinois.com\/index.php\/sorties-hebdomadaires\/","og_locale":"fr_FR","og_type":"article","og_title":"Sorties hebdomadaires - Avenir Cycliste Gassinois","og_description":"Ici, vous trouverez les informations concernant les sorties hebdomadaires de l'avenir cycliste gassinois, le meilleur du vtt sur gassin.","og_url":"https:\/\/acgassinois.com\/index.php\/sorties-hebdomadaires\/","og_site_name":"Avenir Cycliste Gassinois","article_publisher":"https:\/\/www.facebook.com\/ACGassin\/","article_modified_time":"2025-09-03T09:31:54+00:00","og_image":[{"width":2560,"height":1439,"url":"https:\/\/acgassinois.com\/wp-content\/uploads\/2020\/01\/DJI_0009-1-scaled.jpg","type":"image\/jpeg"}],"twitter_card":"summary_large_image","twitter_misc":{"Dur\u00e9e de lecture estim\u00e9e":"2 minutes"},"schema":{"@context":"https:\/\/schema.org","@graph":[{"@type":"WebPage","@id":"https:\/\/acgassinois.com\/index.php\/sorties-hebdomadaires\/","url":"https:\/\/acgassinois.com\/index.php\/sorties-hebdomadaires\/","name":"Sorties hebdomadaires - Avenir Cycliste Gassinois","isPartOf":{"@id":"https:\/\/acgassinois.com\/#website"},"primaryImageOfPage":{"@id":"https:\/\/acgassinois.com\/index.php\/sorties-hebdomadaires\/#primaryimage"},"image":{"@id":"https:\/\/acgassinois.com\/index.php\/sorties-hebdomadaires\/#primaryimage"},"thumbnailUrl":"https:\/\/acgassinois.com\/wp-content\/uploads\/2020\/01\/DJI_0009-1-scaled.jpg","datePublished":"2019-10-09T18:47:40+00:00","dateModified":"2025-09-03T09:31:54+00:00","description":"Ici, vous trouverez les informations concernant les sorties hebdomadaires de l'avenir cycliste gassinois, le meilleur du vtt sur gassin.","breadcrumb":{"@id":"https:\/\/acgassinois.com\/index.php\/sorties-hebdomadaires\/#breadcrumb"},"inLanguage":"fr-FR","potentialAction":[{"@type":"ReadAction","target":["https:\/\/acgassinois.com\/index.php\/sorties-hebdomadaires\/"]}]},{"@type":"ImageObject","inLanguage":"fr-FR","@id":"https:\/\/acgassinois.com\/index.php\/sorties-hebdomadaires\/#primaryimage","url":"https:\/\/acgassinois.com\/wp-content\/uploads\/2020\/01\/DJI_0009-1-scaled.jpg","contentUrl":"https:\/\/acgassinois.com\/wp-content\/uploads\/2020\/01\/DJI_0009-1-scaled.jpg","width":2560,"height":1439,"caption":"created by dji camera"},{"@type":"BreadcrumbList","@id":"https:\/\/acgassinois.com\/index.php\/sorties-hebdomadaires\/#breadcrumb","itemListElement":[{"@type":"ListItem","position":1,"name":"Accueil","item":"https:\/\/acgassinois.com\/"},{"@type":"ListItem","position":2,"name":"Sorties hebdomadaires"}]},{"@type":"WebSite","@id":"https:\/\/acgassinois.com\/#website","url":"https:\/\/acgassinois.com\/","name":"Avenir Cycliste Gassinois","description":"","publisher":{"@id":"https:\/\/acgassinois.com\/#organization"},"potentialAction":[{"@type":"SearchAction","target":{"@type":"EntryPoint","urlTemplate":"https:\/\/acgassinois.com\/?s={search_term_string}"},"query-input":{"@type":"PropertyValueSpecification","valueRequired":true,"valueName":"search_term_string"}}],"inLanguage":"fr-FR"},{"@type":"Organization","@id":"https:\/\/acgassinois.com\/#organization","name":"Avenir Cycliste Gassinois","url":"https:\/\/acgassinois.com\/","logo":{"@type":"ImageObject","inLanguage":"fr-FR","@id":"https:\/\/acgassinois.com\/#\/schema\/logo\/image\/","url":"https:\/\/acgassinois.com\/wp-content\/uploads\/2019\/10\/logo_acg.png","contentUrl":"https:\/\/acgassinois.com\/wp-content\/uploads\/2019\/10\/logo_acg.png","width":1753,"height":1240,"caption":"Avenir Cycliste Gassinois"},"image":{"@id":"https:\/\/acgassinois.com\/#\/schema\/logo\/image\/"},"sameAs":["https:\/\/www.facebook.com\/ACGassin\/","https:\/\/www.instagram.com\/acgassinois\/"]}]}},"_links":{"self":[{"href":"https:\/\/acgassinois.com\/index.php\/wp-json\/wp\/v2\/pages\/50","targetHints":{"allow":["GET"]}}],"collection":[{"href":"https:\/\/acgassinois.com\/index.php\/wp-json\/wp\/v2\/pages"}],"about":[{"href":"https:\/\/acgassinois.com\/index.php\/wp-json\/wp\/v2\/types\/page"}],"author":[{"embeddable":true,"href":"https:\/\/acgassinois.com\/index.php\/wp-json\/wp\/v2\/users\/1"}],"replies":[{"embeddable":true,"href":"https:\/\/acgassinois.com\/index.php\/wp-json\/wp\/v2\/comments?post=50"}],"version-history":[{"count":12,"href":"https:\/\/acgassinois.com\/index.php\/wp-json\/wp\/v2\/pages\/50\/revisions"}],"predecessor-version":[{"id":1732,"href":"https:\/\/acgassinois.com\/index.php\/wp-json\/wp\/v2\/pages\/50\/revisions\/1732"}],"wp:featuredmedia":[{"embeddable":true,"href":"https:\/\/acgassinois.com\/index.php\/wp-json\/wp\/v2\/media\/579"}],"wp:attachment":[{"href":"https:\/\/acgassinois.com\/index.php\/wp-json\/wp\/v2\/media?parent=50"}],"curies":[{"name":"wp","href":"https:\/\/api.w.org\/{rel}","templated":true}]}}