{"id":527,"date":"2019-12-26T17:15:58","date_gmt":"2019-12-26T17:15:58","guid":{"rendered":"https:\/\/acgassinois.com\/?page_id=527"},"modified":"2020-01-22T16:32:48","modified_gmt":"2020-01-22T16:32:48","slug":"lenvironnement","status":"publish","type":"page","link":"https:\/\/acgassinois.com\/index.php\/lenvironnement\/","title":{"rendered":"L&rsquo;Enduro Durable"},"content":{"rendered":"\n<p class=\"has-text-color has-medium-font-size has-luminous-vivid-orange-color\"><strong>Et l\u2019environnement dans tout \u00e7a\u00a0? <\/strong><\/p>\n\n\n\n<p class=\"has-medium-font-size\">Notre pratique sportive s\u2019effectue en <strong>totalit\u00e9<\/strong> dans le <strong>milieu naturel<\/strong>, <strong>am\u00e9nag\u00e9<\/strong> certes, mais <strong>le<\/strong> <strong>moins<\/strong> possible&nbsp;!<\/p>\n\n\n\n<p style=\"font-size:23px\" class=\"has-text-color has-luminous-vivid-orange-color\">C\u2019est l\u2019esprit de&nbsp;<strong>l\u2019ENDURO DURABLE<\/strong>&nbsp;que nous avons lanc\u00e9 : <\/p>\n\n\n\n<ul class=\"wp-block-list\"><li><strong>respecter le milieu naturel<\/strong><\/li><li><strong> ne pas couper de plantes et d\u2019arbres vivants <\/strong><\/li><li><strong>respecter au mieux les terrains des diff\u00e9rents propri\u00e9taires sur lesquelles nous \u00e9voluons <\/strong><\/li><\/ul>\n\n\n\n<p class=\"has-medium-font-size\">Lors des diff\u00e9rentes <strong>comp\u00e9titions<\/strong> que nous organisons ( <a href=\"https:\/\/acgassinois.com\/index.php\/lenduro-des-3-caps\/\">l&rsquo;Enduro des 3 Caps<\/a>, <a href=\"https:\/\/acgassinois.com\/index.php\/lenduro-kids-des-3-caps\/\">Le Kid&rsquo;s Enduro de Gassin<\/a>, <a href=\"https:\/\/acgassinois.com\/index.php\/les-ruelles-de-gassin\/\">les Ruelles de Gassin<\/a>&#8230; ) une attente toute particuli\u00e8re est faite au sujet du <strong>Tri des D\u00e9chets<\/strong>&nbsp;: Rubalise <strong>biod\u00e9gradable<\/strong>, gobelets <strong>r\u00e9utilisables<\/strong>, <strong>tri<\/strong> des diff\u00e9rents <strong>d\u00e9chets<\/strong>&#8230; (Plastique, papier, verre et aliments).<\/p>\n\n\n\n<p class=\"has-medium-font-size\"> Les <strong>troph\u00e9es<\/strong> remis lors <strong>des podiums<\/strong> sont \u00e9galement <strong>\u00e9cologiques<\/strong>&nbsp;!<\/p>\n\n\n\n<p class=\"has-medium-font-size\"><strong>Rejoignez-nous<\/strong> au club afin de <strong>d\u00e9couvrir<\/strong> notre <strong>magnifique r\u00e9gion<\/strong> et nous faire part  de <strong>vos id\u00e9es<\/strong> pour encore <strong>am\u00e9liorer<\/strong> <strong>nos actions<\/strong> en vers<strong> le Durable<\/strong>.<\/p>\n\n\n\n<blockquote class=\"wp-block-quote is-style-large is-layout-flow wp-block-quote-is-layout-flow\"><p><em>\u00ab&nbsp;Nous n\u2019h\u00e9ritons pas de la terre de nos parents, nous l\u2019empruntons \u00e0 nos enfants&nbsp;\u00bb<\/em><\/p><cite>Antoine de Saint-Exup\u00e9ry<\/cite><\/blockquote>\n\n\n\n<div class=\"wp-block-image\"><figure class=\"alignright size-large is-resized\"><img loading=\"lazy\" decoding=\"async\" src=\"https:\/\/acgassinois.com\/wp-content\/uploads\/2019\/12\/Logo_Enduro-durable.png\" alt=\"\" class=\"wp-image-548\" width=\"316\" height=\"363\" srcset=\"https:\/\/acgassinois.com\/wp-content\/uploads\/2019\/12\/Logo_Enduro-durable.png 480w, https:\/\/acgassinois.com\/wp-content\/uploads\/2019\/12\/Logo_Enduro-durable-261x300.png 261w\" sizes=\"auto, (max-width: 316px) 100vw, 316px\" \/><\/figure><\/div>\n","protected":false},"excerpt":{"rendered":"<p>Et l\u2019environnement dans tout \u00e7a\u00a0? Notre pratique sportive s\u2019effectue en totalit\u00e9 dans le milieu naturel, am\u00e9nag\u00e9 certes, mais le moins possible&nbsp;! C\u2019est l\u2019esprit de&nbsp;l\u2019ENDURO DURABLE&nbsp;que nous avons lanc\u00e9 : respecter le milieu naturel ne pas couper de plantes et d\u2019arbres vivants respecter au mieux les terrains des diff\u00e9rents propri\u00e9taires sur lesquelles nous \u00e9voluons Lors des &hellip; <\/p>\n<p class=\"link-more\"><a href=\"https:\/\/acgassinois.com\/index.php\/lenvironnement\/\" class=\"more-link\">Continuer la lecture<span class=\"screen-reader-text\"> de &laquo;&nbsp;L&rsquo;Enduro Durable&nbsp;&raquo;<\/span><\/a><\/p>\n","protected":false},"author":1,"featured_media":498,"parent":0,"menu_order":0,"comment_status":"closed","ping_status":"closed","template":"","meta":{"_acf_changed":false,"_themeisle_gutenberg_block_has_review":false,"footnotes":""},"class_list":["post-527","page","type-page","status-publish","has-post-thumbnail","hentry"],"acf":[],"yoast_head":"<!-- This site is optimized with the Yoast SEO plugin v27.3 - https:\/\/yoast.com\/product\/yoast-seo-wordpress\/ -->\n<title>L&#039;Enduro Durable - Avenir Cycliste Gassinois<\/title>\n<meta name=\"description\" content=\"L&#039;Avenir Cycliste Gassinois organise une attention particuli\u00e8re \u00e0 l&#039;environnement, tri des d\u00e9chets, rubalise biod\u00e9gradables...\" \/>\n<meta name=\"robots\" content=\"index, follow, max-snippet:-1, max-image-preview:large, max-video-preview:-1\" \/>\n<link rel=\"canonical\" href=\"https:\/\/acgassinois.com\/index.php\/lenvironnement\/\" \/>\n<meta property=\"og:locale\" content=\"fr_FR\" \/>\n<meta property=\"og:type\" content=\"article\" \/>\n<meta property=\"og:title\" content=\"L&#039;Enduro Durable - Avenir Cycliste Gassinois\" \/>\n<meta property=\"og:description\" content=\"L&#039;Avenir Cycliste Gassinois organise une attention particuli\u00e8re \u00e0 l&#039;environnement, tri des d\u00e9chets, rubalise biod\u00e9gradables...\" \/>\n<meta property=\"og:url\" content=\"https:\/\/acgassinois.com\/index.php\/lenvironnement\/\" \/>\n<meta property=\"og:site_name\" content=\"Avenir Cycliste Gassinois\" \/>\n<meta property=\"article:publisher\" content=\"https:\/\/www.facebook.com\/ACGassin\/\" \/>\n<meta property=\"article:modified_time\" content=\"2020-01-22T16:32:48+00:00\" \/>\n<meta property=\"og:image\" content=\"https:\/\/acgassinois.com\/wp-content\/uploads\/2019\/12\/DJI_0464-scaled.jpg\" \/>\n\t<meta property=\"og:image:width\" content=\"2560\" \/>\n\t<meta property=\"og:image:height\" content=\"1440\" \/>\n\t<meta property=\"og:image:type\" content=\"image\/jpeg\" \/>\n<meta name=\"twitter:card\" content=\"summary_large_image\" \/>\n<meta name=\"twitter:label1\" content=\"Dur\u00e9e de lecture estim\u00e9e\" \/>\n\t<meta name=\"twitter:data1\" content=\"1 minute\" \/>\n<script type=\"application\/ld+json\" class=\"yoast-schema-graph\">{\"@context\":\"https:\\\/\\\/schema.org\",\"@graph\":[{\"@type\":\"WebPage\",\"@id\":\"https:\\\/\\\/acgassinois.com\\\/index.php\\\/lenvironnement\\\/\",\"url\":\"https:\\\/\\\/acgassinois.com\\\/index.php\\\/lenvironnement\\\/\",\"name\":\"L'Enduro Durable - Avenir Cycliste Gassinois\",\"isPartOf\":{\"@id\":\"https:\\\/\\\/acgassinois.com\\\/#website\"},\"primaryImageOfPage\":{\"@id\":\"https:\\\/\\\/acgassinois.com\\\/index.php\\\/lenvironnement\\\/#primaryimage\"},\"image\":{\"@id\":\"https:\\\/\\\/acgassinois.com\\\/index.php\\\/lenvironnement\\\/#primaryimage\"},\"thumbnailUrl\":\"https:\\\/\\\/acgassinois.com\\\/wp-content\\\/uploads\\\/2019\\\/12\\\/DJI_0464-scaled.jpg\",\"datePublished\":\"2019-12-26T17:15:58+00:00\",\"dateModified\":\"2020-01-22T16:32:48+00:00\",\"description\":\"L'Avenir Cycliste Gassinois organise une attention particuli\u00e8re \u00e0 l'environnement, tri des d\u00e9chets, rubalise biod\u00e9gradables...\",\"breadcrumb\":{\"@id\":\"https:\\\/\\\/acgassinois.com\\\/index.php\\\/lenvironnement\\\/#breadcrumb\"},\"inLanguage\":\"fr-FR\",\"potentialAction\":[{\"@type\":\"ReadAction\",\"target\":[\"https:\\\/\\\/acgassinois.com\\\/index.php\\\/lenvironnement\\\/\"]}]},{\"@type\":\"ImageObject\",\"inLanguage\":\"fr-FR\",\"@id\":\"https:\\\/\\\/acgassinois.com\\\/index.php\\\/lenvironnement\\\/#primaryimage\",\"url\":\"https:\\\/\\\/acgassinois.com\\\/wp-content\\\/uploads\\\/2019\\\/12\\\/DJI_0464-scaled.jpg\",\"contentUrl\":\"https:\\\/\\\/acgassinois.com\\\/wp-content\\\/uploads\\\/2019\\\/12\\\/DJI_0464-scaled.jpg\",\"width\":2560,\"height\":1440,\"caption\":\"DCIM100MEDIADJI_0464.JPG\"},{\"@type\":\"BreadcrumbList\",\"@id\":\"https:\\\/\\\/acgassinois.com\\\/index.php\\\/lenvironnement\\\/#breadcrumb\",\"itemListElement\":[{\"@type\":\"ListItem\",\"position\":1,\"name\":\"Accueil\",\"item\":\"https:\\\/\\\/acgassinois.com\\\/\"},{\"@type\":\"ListItem\",\"position\":2,\"name\":\"L&rsquo;Enduro Durable\"}]},{\"@type\":\"WebSite\",\"@id\":\"https:\\\/\\\/acgassinois.com\\\/#website\",\"url\":\"https:\\\/\\\/acgassinois.com\\\/\",\"name\":\"Avenir Cycliste Gassinois\",\"description\":\"\",\"publisher\":{\"@id\":\"https:\\\/\\\/acgassinois.com\\\/#organization\"},\"potentialAction\":[{\"@type\":\"SearchAction\",\"target\":{\"@type\":\"EntryPoint\",\"urlTemplate\":\"https:\\\/\\\/acgassinois.com\\\/?s={search_term_string}\"},\"query-input\":{\"@type\":\"PropertyValueSpecification\",\"valueRequired\":true,\"valueName\":\"search_term_string\"}}],\"inLanguage\":\"fr-FR\"},{\"@type\":\"Organization\",\"@id\":\"https:\\\/\\\/acgassinois.com\\\/#organization\",\"name\":\"Avenir Cycliste Gassinois\",\"url\":\"https:\\\/\\\/acgassinois.com\\\/\",\"logo\":{\"@type\":\"ImageObject\",\"inLanguage\":\"fr-FR\",\"@id\":\"https:\\\/\\\/acgassinois.com\\\/#\\\/schema\\\/logo\\\/image\\\/\",\"url\":\"https:\\\/\\\/acgassinois.com\\\/wp-content\\\/uploads\\\/2019\\\/10\\\/logo_acg.png\",\"contentUrl\":\"https:\\\/\\\/acgassinois.com\\\/wp-content\\\/uploads\\\/2019\\\/10\\\/logo_acg.png\",\"width\":1753,\"height\":1240,\"caption\":\"Avenir Cycliste Gassinois\"},\"image\":{\"@id\":\"https:\\\/\\\/acgassinois.com\\\/#\\\/schema\\\/logo\\\/image\\\/\"},\"sameAs\":[\"https:\\\/\\\/www.facebook.com\\\/ACGassin\\\/\",\"https:\\\/\\\/www.instagram.com\\\/acgassinois\\\/\"]}]}<\/script>\n<!-- \/ Yoast SEO plugin. -->","yoast_head_json":{"title":"L'Enduro Durable - Avenir Cycliste Gassinois","description":"L'Avenir Cycliste Gassinois organise une attention particuli\u00e8re \u00e0 l'environnement, tri des d\u00e9chets, rubalise biod\u00e9gradables...","robots":{"index":"index","follow":"follow","max-snippet":"max-snippet:-1","max-image-preview":"max-image-preview:large","max-video-preview":"max-video-preview:-1"},"canonical":"https:\/\/acgassinois.com\/index.php\/lenvironnement\/","og_locale":"fr_FR","og_type":"article","og_title":"L'Enduro Durable - Avenir Cycliste Gassinois","og_description":"L'Avenir Cycliste Gassinois organise une attention particuli\u00e8re \u00e0 l'environnement, tri des d\u00e9chets, rubalise biod\u00e9gradables...","og_url":"https:\/\/acgassinois.com\/index.php\/lenvironnement\/","og_site_name":"Avenir Cycliste Gassinois","article_publisher":"https:\/\/www.facebook.com\/ACGassin\/","article_modified_time":"2020-01-22T16:32:48+00:00","og_image":[{"width":2560,"height":1440,"url":"https:\/\/acgassinois.com\/wp-content\/uploads\/2019\/12\/DJI_0464-scaled.jpg","type":"image\/jpeg"}],"twitter_card":"summary_large_image","twitter_misc":{"Dur\u00e9e de lecture estim\u00e9e":"1 minute"},"schema":{"@context":"https:\/\/schema.org","@graph":[{"@type":"WebPage","@id":"https:\/\/acgassinois.com\/index.php\/lenvironnement\/","url":"https:\/\/acgassinois.com\/index.php\/lenvironnement\/","name":"L'Enduro Durable - Avenir Cycliste Gassinois","isPartOf":{"@id":"https:\/\/acgassinois.com\/#website"},"primaryImageOfPage":{"@id":"https:\/\/acgassinois.com\/index.php\/lenvironnement\/#primaryimage"},"image":{"@id":"https:\/\/acgassinois.com\/index.php\/lenvironnement\/#primaryimage"},"thumbnailUrl":"https:\/\/acgassinois.com\/wp-content\/uploads\/2019\/12\/DJI_0464-scaled.jpg","datePublished":"2019-12-26T17:15:58+00:00","dateModified":"2020-01-22T16:32:48+00:00","description":"L'Avenir Cycliste Gassinois organise une attention particuli\u00e8re \u00e0 l'environnement, tri des d\u00e9chets, rubalise biod\u00e9gradables...","breadcrumb":{"@id":"https:\/\/acgassinois.com\/index.php\/lenvironnement\/#breadcrumb"},"inLanguage":"fr-FR","potentialAction":[{"@type":"ReadAction","target":["https:\/\/acgassinois.com\/index.php\/lenvironnement\/"]}]},{"@type":"ImageObject","inLanguage":"fr-FR","@id":"https:\/\/acgassinois.com\/index.php\/lenvironnement\/#primaryimage","url":"https:\/\/acgassinois.com\/wp-content\/uploads\/2019\/12\/DJI_0464-scaled.jpg","contentUrl":"https:\/\/acgassinois.com\/wp-content\/uploads\/2019\/12\/DJI_0464-scaled.jpg","width":2560,"height":1440,"caption":"DCIM100MEDIADJI_0464.JPG"},{"@type":"BreadcrumbList","@id":"https:\/\/acgassinois.com\/index.php\/lenvironnement\/#breadcrumb","itemListElement":[{"@type":"ListItem","position":1,"name":"Accueil","item":"https:\/\/acgassinois.com\/"},{"@type":"ListItem","position":2,"name":"L&rsquo;Enduro Durable"}]},{"@type":"WebSite","@id":"https:\/\/acgassinois.com\/#website","url":"https:\/\/acgassinois.com\/","name":"Avenir Cycliste Gassinois","description":"","publisher":{"@id":"https:\/\/acgassinois.com\/#organization"},"potentialAction":[{"@type":"SearchAction","target":{"@type":"EntryPoint","urlTemplate":"https:\/\/acgassinois.com\/?s={search_term_string}"},"query-input":{"@type":"PropertyValueSpecification","valueRequired":true,"valueName":"search_term_string"}}],"inLanguage":"fr-FR"},{"@type":"Organization","@id":"https:\/\/acgassinois.com\/#organization","name":"Avenir Cycliste Gassinois","url":"https:\/\/acgassinois.com\/","logo":{"@type":"ImageObject","inLanguage":"fr-FR","@id":"https:\/\/acgassinois.com\/#\/schema\/logo\/image\/","url":"https:\/\/acgassinois.com\/wp-content\/uploads\/2019\/10\/logo_acg.png","contentUrl":"https:\/\/acgassinois.com\/wp-content\/uploads\/2019\/10\/logo_acg.png","width":1753,"height":1240,"caption":"Avenir Cycliste Gassinois"},"image":{"@id":"https:\/\/acgassinois.com\/#\/schema\/logo\/image\/"},"sameAs":["https:\/\/www.facebook.com\/ACGassin\/","https:\/\/www.instagram.com\/acgassinois\/"]}]}},"_links":{"self":[{"href":"https:\/\/acgassinois.com\/index.php\/wp-json\/wp\/v2\/pages\/527","targetHints":{"allow":["GET"]}}],"collection":[{"href":"https:\/\/acgassinois.com\/index.php\/wp-json\/wp\/v2\/pages"}],"about":[{"href":"https:\/\/acgassinois.com\/index.php\/wp-json\/wp\/v2\/types\/page"}],"author":[{"embeddable":true,"href":"https:\/\/acgassinois.com\/index.php\/wp-json\/wp\/v2\/users\/1"}],"replies":[{"embeddable":true,"href":"https:\/\/acgassinois.com\/index.php\/wp-json\/wp\/v2\/comments?post=527"}],"version-history":[{"count":7,"href":"https:\/\/acgassinois.com\/index.php\/wp-json\/wp\/v2\/pages\/527\/revisions"}],"predecessor-version":[{"id":685,"href":"https:\/\/acgassinois.com\/index.php\/wp-json\/wp\/v2\/pages\/527\/revisions\/685"}],"wp:featuredmedia":[{"embeddable":true,"href":"https:\/\/acgassinois.com\/index.php\/wp-json\/wp\/v2\/media\/498"}],"wp:attachment":[{"href":"https:\/\/acgassinois.com\/index.php\/wp-json\/wp\/v2\/media?parent=527"}],"curies":[{"name":"wp","href":"https:\/\/api.w.org\/{rel}","templated":true}]}}