{"id":534,"date":"2019-12-26T17:25:24","date_gmt":"2019-12-26T17:25:24","guid":{"rendered":"https:\/\/acgassinois.com\/?page_id=534"},"modified":"2023-02-12T19:05:31","modified_gmt":"2023-02-12T19:05:31","slug":"moutain-bikers-foundation","status":"publish","type":"page","link":"https:\/\/acgassinois.com\/index.php\/moutain-bikers-foundation\/","title":{"rendered":"Mountain Bikers Foundation"},"content":{"rendered":"\n<p class=\"has-medium-font-size\"><strong>L&rsquo;Avenir Cycliste Gassinois<\/strong> adh\u00e8re \u00e0 la <a href=\"http:\/\/mbf-france.fr\" target=\"_blank\" rel=\"noreferrer noopener\" aria-label=\" (s\u2019ouvre dans un nouvel onglet)\"><strong>Mountain Bikers Foundation<\/strong>,<\/a> pour un VTT <strong>durable<\/strong> et <strong>responsable<\/strong>. <\/p>\n\n\n<div class=\"wp-block-image\">\n<figure class=\"aligncenter size-full is-resized\"><img loading=\"lazy\" decoding=\"async\" src=\"https:\/\/acgassinois.com\/wp-content\/uploads\/2023\/02\/PHOTO-2023-02-11-14-21-17.jpg\" alt=\"\" class=\"wp-image-1058\" width=\"420\" height=\"420\" srcset=\"https:\/\/acgassinois.com\/wp-content\/uploads\/2023\/02\/PHOTO-2023-02-11-14-21-17.jpg 240w, https:\/\/acgassinois.com\/wp-content\/uploads\/2023\/02\/PHOTO-2023-02-11-14-21-17-150x150.jpg 150w, https:\/\/acgassinois.com\/wp-content\/uploads\/2023\/02\/PHOTO-2023-02-11-14-21-17-100x100.jpg 100w\" sizes=\"auto, (max-width: 420px) 100vw, 420px\" \/><\/figure>\n<\/div>\n\n\n<p class=\"has-text-color\" style=\"color:#64d022;font-size:19px\"><em><strong>Qu&rsquo;est ce que la Moutain Bikers Foundation ?<\/strong>  <\/em><\/p>\n\n\n\n<p class=\"has-medium-font-size\"><strong>Centre de ressource national<\/strong> pour le <strong>d\u00e9veloppement durable<\/strong> et <strong>responsable<\/strong> du <strong>VTT<\/strong>, MBF conduit des <strong>actions<\/strong> aupr\u00e8s des v\u00e9t\u00e9tistes pour les <strong>sensibiliser<\/strong> dans leur <strong>pratique<\/strong> et leurs <strong>actions locales<\/strong>, ainsi qu\u2019aupr\u00e8s des <strong>institutions<\/strong> pour les <strong>aider<\/strong> dans leurs <strong>r\u00e9flexions<\/strong> et <strong>\u00e9viter<\/strong> des <strong>interdictions de pratiqu<\/strong>e par manque de connaissance.<\/p>\n","protected":false},"excerpt":{"rendered":"<p>L&rsquo;Avenir Cycliste Gassinois adh\u00e8re \u00e0 la Mountain Bikers Foundation, pour un VTT durable et responsable. Qu&rsquo;est ce que la Moutain Bikers Foundation ? Centre de ressource national pour le d\u00e9veloppement durable et responsable du VTT, MBF conduit des actions aupr\u00e8s des v\u00e9t\u00e9tistes pour les sensibiliser dans leur pratique et leurs actions locales, ainsi qu\u2019aupr\u00e8s des &hellip; <\/p>\n<p class=\"link-more\"><a href=\"https:\/\/acgassinois.com\/index.php\/moutain-bikers-foundation\/\" class=\"more-link\">Continuer la lecture<span class=\"screen-reader-text\"> de &laquo;&nbsp;Mountain Bikers Foundation&nbsp;&raquo;<\/span><\/a><\/p>\n","protected":false},"author":1,"featured_media":868,"parent":0,"menu_order":0,"comment_status":"closed","ping_status":"closed","template":"","meta":{"_acf_changed":false,"_themeisle_gutenberg_block_has_review":false,"footnotes":""},"class_list":["post-534","page","type-page","status-publish","has-post-thumbnail","hentry"],"acf":[],"yoast_head":"<!-- This site is optimized with the Yoast SEO plugin v27.3 - https:\/\/yoast.com\/product\/yoast-seo-wordpress\/ -->\n<title>Mountain Bikers Foundation - Avenir Cycliste Gassinois<\/title>\n<meta name=\"robots\" content=\"index, follow, max-snippet:-1, max-image-preview:large, max-video-preview:-1\" \/>\n<link rel=\"canonical\" href=\"https:\/\/acgassinois.com\/index.php\/moutain-bikers-foundation\/\" \/>\n<meta property=\"og:locale\" content=\"fr_FR\" \/>\n<meta property=\"og:type\" content=\"article\" \/>\n<meta property=\"og:title\" content=\"Mountain Bikers Foundation - Avenir Cycliste Gassinois\" \/>\n<meta property=\"og:description\" content=\"L&rsquo;Avenir Cycliste Gassinois adh\u00e8re \u00e0 la Mountain Bikers Foundation, pour un VTT durable et responsable. Qu&rsquo;est ce que la Moutain Bikers Foundation ? Centre de ressource national pour le d\u00e9veloppement durable et responsable du VTT, MBF conduit des actions aupr\u00e8s des v\u00e9t\u00e9tistes pour les sensibiliser dans leur pratique et leurs actions locales, ainsi qu\u2019aupr\u00e8s des &hellip; Continuer la lecture de &laquo;&nbsp;Mountain Bikers Foundation&nbsp;&raquo;\" \/>\n<meta property=\"og:url\" content=\"https:\/\/acgassinois.com\/index.php\/moutain-bikers-foundation\/\" \/>\n<meta property=\"og:site_name\" content=\"Avenir Cycliste Gassinois\" \/>\n<meta property=\"article:publisher\" content=\"https:\/\/www.facebook.com\/ACGassin\/\" \/>\n<meta property=\"article:modified_time\" content=\"2023-02-12T19:05:31+00:00\" \/>\n<meta property=\"og:image\" content=\"https:\/\/acgassinois.com\/wp-content\/uploads\/2022\/01\/IMG_7245.jpeg\" \/>\n\t<meta property=\"og:image:width\" content=\"1792\" \/>\n\t<meta property=\"og:image:height\" content=\"828\" \/>\n\t<meta property=\"og:image:type\" content=\"image\/jpeg\" \/>\n<meta name=\"twitter:card\" content=\"summary_large_image\" \/>\n<meta name=\"twitter:label1\" content=\"Dur\u00e9e de lecture estim\u00e9e\" \/>\n\t<meta name=\"twitter:data1\" content=\"1 minute\" \/>\n<script type=\"application\/ld+json\" class=\"yoast-schema-graph\">{\"@context\":\"https:\\\/\\\/schema.org\",\"@graph\":[{\"@type\":\"WebPage\",\"@id\":\"https:\\\/\\\/acgassinois.com\\\/index.php\\\/moutain-bikers-foundation\\\/\",\"url\":\"https:\\\/\\\/acgassinois.com\\\/index.php\\\/moutain-bikers-foundation\\\/\",\"name\":\"Mountain Bikers Foundation - Avenir Cycliste Gassinois\",\"isPartOf\":{\"@id\":\"https:\\\/\\\/acgassinois.com\\\/#website\"},\"primaryImageOfPage\":{\"@id\":\"https:\\\/\\\/acgassinois.com\\\/index.php\\\/moutain-bikers-foundation\\\/#primaryimage\"},\"image\":{\"@id\":\"https:\\\/\\\/acgassinois.com\\\/index.php\\\/moutain-bikers-foundation\\\/#primaryimage\"},\"thumbnailUrl\":\"https:\\\/\\\/acgassinois.com\\\/wp-content\\\/uploads\\\/2022\\\/01\\\/IMG_7245.jpeg\",\"datePublished\":\"2019-12-26T17:25:24+00:00\",\"dateModified\":\"2023-02-12T19:05:31+00:00\",\"breadcrumb\":{\"@id\":\"https:\\\/\\\/acgassinois.com\\\/index.php\\\/moutain-bikers-foundation\\\/#breadcrumb\"},\"inLanguage\":\"fr-FR\",\"potentialAction\":[{\"@type\":\"ReadAction\",\"target\":[\"https:\\\/\\\/acgassinois.com\\\/index.php\\\/moutain-bikers-foundation\\\/\"]}]},{\"@type\":\"ImageObject\",\"inLanguage\":\"fr-FR\",\"@id\":\"https:\\\/\\\/acgassinois.com\\\/index.php\\\/moutain-bikers-foundation\\\/#primaryimage\",\"url\":\"https:\\\/\\\/acgassinois.com\\\/wp-content\\\/uploads\\\/2022\\\/01\\\/IMG_7245.jpeg\",\"contentUrl\":\"https:\\\/\\\/acgassinois.com\\\/wp-content\\\/uploads\\\/2022\\\/01\\\/IMG_7245.jpeg\",\"width\":1792,\"height\":828},{\"@type\":\"BreadcrumbList\",\"@id\":\"https:\\\/\\\/acgassinois.com\\\/index.php\\\/moutain-bikers-foundation\\\/#breadcrumb\",\"itemListElement\":[{\"@type\":\"ListItem\",\"position\":1,\"name\":\"Accueil\",\"item\":\"https:\\\/\\\/acgassinois.com\\\/\"},{\"@type\":\"ListItem\",\"position\":2,\"name\":\"Mountain Bikers Foundation\"}]},{\"@type\":\"WebSite\",\"@id\":\"https:\\\/\\\/acgassinois.com\\\/#website\",\"url\":\"https:\\\/\\\/acgassinois.com\\\/\",\"name\":\"Avenir Cycliste Gassinois\",\"description\":\"\",\"publisher\":{\"@id\":\"https:\\\/\\\/acgassinois.com\\\/#organization\"},\"potentialAction\":[{\"@type\":\"SearchAction\",\"target\":{\"@type\":\"EntryPoint\",\"urlTemplate\":\"https:\\\/\\\/acgassinois.com\\\/?s={search_term_string}\"},\"query-input\":{\"@type\":\"PropertyValueSpecification\",\"valueRequired\":true,\"valueName\":\"search_term_string\"}}],\"inLanguage\":\"fr-FR\"},{\"@type\":\"Organization\",\"@id\":\"https:\\\/\\\/acgassinois.com\\\/#organization\",\"name\":\"Avenir Cycliste Gassinois\",\"url\":\"https:\\\/\\\/acgassinois.com\\\/\",\"logo\":{\"@type\":\"ImageObject\",\"inLanguage\":\"fr-FR\",\"@id\":\"https:\\\/\\\/acgassinois.com\\\/#\\\/schema\\\/logo\\\/image\\\/\",\"url\":\"https:\\\/\\\/acgassinois.com\\\/wp-content\\\/uploads\\\/2019\\\/10\\\/logo_acg.png\",\"contentUrl\":\"https:\\\/\\\/acgassinois.com\\\/wp-content\\\/uploads\\\/2019\\\/10\\\/logo_acg.png\",\"width\":1753,\"height\":1240,\"caption\":\"Avenir Cycliste Gassinois\"},\"image\":{\"@id\":\"https:\\\/\\\/acgassinois.com\\\/#\\\/schema\\\/logo\\\/image\\\/\"},\"sameAs\":[\"https:\\\/\\\/www.facebook.com\\\/ACGassin\\\/\",\"https:\\\/\\\/www.instagram.com\\\/acgassinois\\\/\"]}]}<\/script>\n<!-- \/ Yoast SEO plugin. -->","yoast_head_json":{"title":"Mountain Bikers Foundation - Avenir Cycliste Gassinois","robots":{"index":"index","follow":"follow","max-snippet":"max-snippet:-1","max-image-preview":"max-image-preview:large","max-video-preview":"max-video-preview:-1"},"canonical":"https:\/\/acgassinois.com\/index.php\/moutain-bikers-foundation\/","og_locale":"fr_FR","og_type":"article","og_title":"Mountain Bikers Foundation - Avenir Cycliste Gassinois","og_description":"L&rsquo;Avenir Cycliste Gassinois adh\u00e8re \u00e0 la Mountain Bikers Foundation, pour un VTT durable et responsable. Qu&rsquo;est ce que la Moutain Bikers Foundation ? Centre de ressource national pour le d\u00e9veloppement durable et responsable du VTT, MBF conduit des actions aupr\u00e8s des v\u00e9t\u00e9tistes pour les sensibiliser dans leur pratique et leurs actions locales, ainsi qu\u2019aupr\u00e8s des &hellip; Continuer la lecture de &laquo;&nbsp;Mountain Bikers Foundation&nbsp;&raquo;","og_url":"https:\/\/acgassinois.com\/index.php\/moutain-bikers-foundation\/","og_site_name":"Avenir Cycliste Gassinois","article_publisher":"https:\/\/www.facebook.com\/ACGassin\/","article_modified_time":"2023-02-12T19:05:31+00:00","og_image":[{"width":1792,"height":828,"url":"https:\/\/acgassinois.com\/wp-content\/uploads\/2022\/01\/IMG_7245.jpeg","type":"image\/jpeg"}],"twitter_card":"summary_large_image","twitter_misc":{"Dur\u00e9e de lecture estim\u00e9e":"1 minute"},"schema":{"@context":"https:\/\/schema.org","@graph":[{"@type":"WebPage","@id":"https:\/\/acgassinois.com\/index.php\/moutain-bikers-foundation\/","url":"https:\/\/acgassinois.com\/index.php\/moutain-bikers-foundation\/","name":"Mountain Bikers Foundation - Avenir Cycliste Gassinois","isPartOf":{"@id":"https:\/\/acgassinois.com\/#website"},"primaryImageOfPage":{"@id":"https:\/\/acgassinois.com\/index.php\/moutain-bikers-foundation\/#primaryimage"},"image":{"@id":"https:\/\/acgassinois.com\/index.php\/moutain-bikers-foundation\/#primaryimage"},"thumbnailUrl":"https:\/\/acgassinois.com\/wp-content\/uploads\/2022\/01\/IMG_7245.jpeg","datePublished":"2019-12-26T17:25:24+00:00","dateModified":"2023-02-12T19:05:31+00:00","breadcrumb":{"@id":"https:\/\/acgassinois.com\/index.php\/moutain-bikers-foundation\/#breadcrumb"},"inLanguage":"fr-FR","potentialAction":[{"@type":"ReadAction","target":["https:\/\/acgassinois.com\/index.php\/moutain-bikers-foundation\/"]}]},{"@type":"ImageObject","inLanguage":"fr-FR","@id":"https:\/\/acgassinois.com\/index.php\/moutain-bikers-foundation\/#primaryimage","url":"https:\/\/acgassinois.com\/wp-content\/uploads\/2022\/01\/IMG_7245.jpeg","contentUrl":"https:\/\/acgassinois.com\/wp-content\/uploads\/2022\/01\/IMG_7245.jpeg","width":1792,"height":828},{"@type":"BreadcrumbList","@id":"https:\/\/acgassinois.com\/index.php\/moutain-bikers-foundation\/#breadcrumb","itemListElement":[{"@type":"ListItem","position":1,"name":"Accueil","item":"https:\/\/acgassinois.com\/"},{"@type":"ListItem","position":2,"name":"Mountain Bikers Foundation"}]},{"@type":"WebSite","@id":"https:\/\/acgassinois.com\/#website","url":"https:\/\/acgassinois.com\/","name":"Avenir Cycliste Gassinois","description":"","publisher":{"@id":"https:\/\/acgassinois.com\/#organization"},"potentialAction":[{"@type":"SearchAction","target":{"@type":"EntryPoint","urlTemplate":"https:\/\/acgassinois.com\/?s={search_term_string}"},"query-input":{"@type":"PropertyValueSpecification","valueRequired":true,"valueName":"search_term_string"}}],"inLanguage":"fr-FR"},{"@type":"Organization","@id":"https:\/\/acgassinois.com\/#organization","name":"Avenir Cycliste Gassinois","url":"https:\/\/acgassinois.com\/","logo":{"@type":"ImageObject","inLanguage":"fr-FR","@id":"https:\/\/acgassinois.com\/#\/schema\/logo\/image\/","url":"https:\/\/acgassinois.com\/wp-content\/uploads\/2019\/10\/logo_acg.png","contentUrl":"https:\/\/acgassinois.com\/wp-content\/uploads\/2019\/10\/logo_acg.png","width":1753,"height":1240,"caption":"Avenir Cycliste Gassinois"},"image":{"@id":"https:\/\/acgassinois.com\/#\/schema\/logo\/image\/"},"sameAs":["https:\/\/www.facebook.com\/ACGassin\/","https:\/\/www.instagram.com\/acgassinois\/"]}]}},"_links":{"self":[{"href":"https:\/\/acgassinois.com\/index.php\/wp-json\/wp\/v2\/pages\/534","targetHints":{"allow":["GET"]}}],"collection":[{"href":"https:\/\/acgassinois.com\/index.php\/wp-json\/wp\/v2\/pages"}],"about":[{"href":"https:\/\/acgassinois.com\/index.php\/wp-json\/wp\/v2\/types\/page"}],"author":[{"embeddable":true,"href":"https:\/\/acgassinois.com\/index.php\/wp-json\/wp\/v2\/users\/1"}],"replies":[{"embeddable":true,"href":"https:\/\/acgassinois.com\/index.php\/wp-json\/wp\/v2\/comments?post=534"}],"version-history":[{"count":9,"href":"https:\/\/acgassinois.com\/index.php\/wp-json\/wp\/v2\/pages\/534\/revisions"}],"predecessor-version":[{"id":1059,"href":"https:\/\/acgassinois.com\/index.php\/wp-json\/wp\/v2\/pages\/534\/revisions\/1059"}],"wp:featuredmedia":[{"embeddable":true,"href":"https:\/\/acgassinois.com\/index.php\/wp-json\/wp\/v2\/media\/868"}],"wp:attachment":[{"href":"https:\/\/acgassinois.com\/index.php\/wp-json\/wp\/v2\/media?parent=534"}],"curies":[{"name":"wp","href":"https:\/\/api.w.org\/{rel}","templated":true}]}}