{"id":567,"date":"2020-01-11T16:29:55","date_gmt":"2020-01-11T16:29:55","guid":{"rendered":"https:\/\/acgassinois.com\/?page_id=567"},"modified":"2020-01-22T15:33:03","modified_gmt":"2020-01-22T15:33:03","slug":"2020-2","status":"publish","type":"page","link":"https:\/\/acgassinois.com\/index.php\/2020-2\/","title":{"rendered":"2020"},"content":{"rendered":"\n<p class=\"has-medium-font-size\">Voici les r\u00e9sultats des Ruelles de Gassin 2020 : <\/p>\n\n\n\n<div class=\"wp-block-file\"><a href=\"https:\/\/acgassinois.com\/wp-content\/uploads\/2020\/01\/R\u00e9sultats.xlsx\">R\u00e9sultats-Ruelles-Gassin-2020<\/a><a href=\"https:\/\/acgassinois.com\/wp-content\/uploads\/2020\/01\/R\u00e9sultats.xlsx\" class=\"wp-block-file__button\" download>T\u00e9l\u00e9charger<\/a><\/div>\n","protected":false},"excerpt":{"rendered":"<p>Voici les r\u00e9sultats des Ruelles de Gassin 2020 :<\/p>\n","protected":false},"author":1,"featured_media":0,"parent":0,"menu_order":0,"comment_status":"closed","ping_status":"closed","template":"","meta":{"_acf_changed":false,"_themeisle_gutenberg_block_has_review":false,"footnotes":""},"class_list":["post-567","page","type-page","status-publish","hentry"],"acf":[],"yoast_head":"<!-- This site is optimized with the Yoast SEO plugin v27.3 - https:\/\/yoast.com\/product\/yoast-seo-wordpress\/ -->\n<title>2020 - Avenir Cycliste Gassinois<\/title>\n<meta name=\"description\" content=\"R\u00e9sultats des ruelles de Gassin \u00e9dition 2020, organis\u00e9e par l&#039;Avenir Cycliste Gassinois...\" \/>\n<meta name=\"robots\" content=\"index, follow, max-snippet:-1, max-image-preview:large, max-video-preview:-1\" \/>\n<link rel=\"canonical\" href=\"https:\/\/acgassinois.com\/index.php\/2020-2\/\" \/>\n<meta property=\"og:locale\" content=\"fr_FR\" \/>\n<meta property=\"og:type\" content=\"article\" \/>\n<meta property=\"og:title\" content=\"2020 - Avenir Cycliste Gassinois\" \/>\n<meta property=\"og:description\" content=\"R\u00e9sultats des ruelles de Gassin \u00e9dition 2020, organis\u00e9e par l&#039;Avenir Cycliste Gassinois...\" \/>\n<meta property=\"og:url\" content=\"https:\/\/acgassinois.com\/index.php\/2020-2\/\" \/>\n<meta property=\"og:site_name\" content=\"Avenir Cycliste Gassinois\" \/>\n<meta property=\"article:publisher\" content=\"https:\/\/www.facebook.com\/ACGassin\/\" \/>\n<meta property=\"article:modified_time\" content=\"2020-01-22T15:33:03+00:00\" \/>\n<meta name=\"twitter:card\" content=\"summary_large_image\" \/>\n<script type=\"application\/ld+json\" class=\"yoast-schema-graph\">{\"@context\":\"https:\\\/\\\/schema.org\",\"@graph\":[{\"@type\":\"WebPage\",\"@id\":\"https:\\\/\\\/acgassinois.com\\\/index.php\\\/2020-2\\\/\",\"url\":\"https:\\\/\\\/acgassinois.com\\\/index.php\\\/2020-2\\\/\",\"name\":\"2020 - Avenir Cycliste Gassinois\",\"isPartOf\":{\"@id\":\"https:\\\/\\\/acgassinois.com\\\/#website\"},\"datePublished\":\"2020-01-11T16:29:55+00:00\",\"dateModified\":\"2020-01-22T15:33:03+00:00\",\"description\":\"R\u00e9sultats des ruelles de Gassin \u00e9dition 2020, organis\u00e9e par l'Avenir Cycliste Gassinois...\",\"breadcrumb\":{\"@id\":\"https:\\\/\\\/acgassinois.com\\\/index.php\\\/2020-2\\\/#breadcrumb\"},\"inLanguage\":\"fr-FR\",\"potentialAction\":[{\"@type\":\"ReadAction\",\"target\":[\"https:\\\/\\\/acgassinois.com\\\/index.php\\\/2020-2\\\/\"]}]},{\"@type\":\"BreadcrumbList\",\"@id\":\"https:\\\/\\\/acgassinois.com\\\/index.php\\\/2020-2\\\/#breadcrumb\",\"itemListElement\":[{\"@type\":\"ListItem\",\"position\":1,\"name\":\"Accueil\",\"item\":\"https:\\\/\\\/acgassinois.com\\\/\"},{\"@type\":\"ListItem\",\"position\":2,\"name\":\"2020\"}]},{\"@type\":\"WebSite\",\"@id\":\"https:\\\/\\\/acgassinois.com\\\/#website\",\"url\":\"https:\\\/\\\/acgassinois.com\\\/\",\"name\":\"Avenir Cycliste Gassinois\",\"description\":\"\",\"publisher\":{\"@id\":\"https:\\\/\\\/acgassinois.com\\\/#organization\"},\"potentialAction\":[{\"@type\":\"SearchAction\",\"target\":{\"@type\":\"EntryPoint\",\"urlTemplate\":\"https:\\\/\\\/acgassinois.com\\\/?s={search_term_string}\"},\"query-input\":{\"@type\":\"PropertyValueSpecification\",\"valueRequired\":true,\"valueName\":\"search_term_string\"}}],\"inLanguage\":\"fr-FR\"},{\"@type\":\"Organization\",\"@id\":\"https:\\\/\\\/acgassinois.com\\\/#organization\",\"name\":\"Avenir Cycliste Gassinois\",\"url\":\"https:\\\/\\\/acgassinois.com\\\/\",\"logo\":{\"@type\":\"ImageObject\",\"inLanguage\":\"fr-FR\",\"@id\":\"https:\\\/\\\/acgassinois.com\\\/#\\\/schema\\\/logo\\\/image\\\/\",\"url\":\"https:\\\/\\\/acgassinois.com\\\/wp-content\\\/uploads\\\/2019\\\/10\\\/logo_acg.png\",\"contentUrl\":\"https:\\\/\\\/acgassinois.com\\\/wp-content\\\/uploads\\\/2019\\\/10\\\/logo_acg.png\",\"width\":1753,\"height\":1240,\"caption\":\"Avenir Cycliste Gassinois\"},\"image\":{\"@id\":\"https:\\\/\\\/acgassinois.com\\\/#\\\/schema\\\/logo\\\/image\\\/\"},\"sameAs\":[\"https:\\\/\\\/www.facebook.com\\\/ACGassin\\\/\",\"https:\\\/\\\/www.instagram.com\\\/acgassinois\\\/\"]}]}<\/script>\n<!-- \/ Yoast SEO plugin. -->","yoast_head_json":{"title":"2020 - Avenir Cycliste Gassinois","description":"R\u00e9sultats des ruelles de Gassin \u00e9dition 2020, organis\u00e9e par l'Avenir Cycliste Gassinois...","robots":{"index":"index","follow":"follow","max-snippet":"max-snippet:-1","max-image-preview":"max-image-preview:large","max-video-preview":"max-video-preview:-1"},"canonical":"https:\/\/acgassinois.com\/index.php\/2020-2\/","og_locale":"fr_FR","og_type":"article","og_title":"2020 - Avenir Cycliste Gassinois","og_description":"R\u00e9sultats des ruelles de Gassin \u00e9dition 2020, organis\u00e9e par l'Avenir Cycliste Gassinois...","og_url":"https:\/\/acgassinois.com\/index.php\/2020-2\/","og_site_name":"Avenir Cycliste Gassinois","article_publisher":"https:\/\/www.facebook.com\/ACGassin\/","article_modified_time":"2020-01-22T15:33:03+00:00","twitter_card":"summary_large_image","schema":{"@context":"https:\/\/schema.org","@graph":[{"@type":"WebPage","@id":"https:\/\/acgassinois.com\/index.php\/2020-2\/","url":"https:\/\/acgassinois.com\/index.php\/2020-2\/","name":"2020 - Avenir Cycliste Gassinois","isPartOf":{"@id":"https:\/\/acgassinois.com\/#website"},"datePublished":"2020-01-11T16:29:55+00:00","dateModified":"2020-01-22T15:33:03+00:00","description":"R\u00e9sultats des ruelles de Gassin \u00e9dition 2020, organis\u00e9e par l'Avenir Cycliste Gassinois...","breadcrumb":{"@id":"https:\/\/acgassinois.com\/index.php\/2020-2\/#breadcrumb"},"inLanguage":"fr-FR","potentialAction":[{"@type":"ReadAction","target":["https:\/\/acgassinois.com\/index.php\/2020-2\/"]}]},{"@type":"BreadcrumbList","@id":"https:\/\/acgassinois.com\/index.php\/2020-2\/#breadcrumb","itemListElement":[{"@type":"ListItem","position":1,"name":"Accueil","item":"https:\/\/acgassinois.com\/"},{"@type":"ListItem","position":2,"name":"2020"}]},{"@type":"WebSite","@id":"https:\/\/acgassinois.com\/#website","url":"https:\/\/acgassinois.com\/","name":"Avenir Cycliste Gassinois","description":"","publisher":{"@id":"https:\/\/acgassinois.com\/#organization"},"potentialAction":[{"@type":"SearchAction","target":{"@type":"EntryPoint","urlTemplate":"https:\/\/acgassinois.com\/?s={search_term_string}"},"query-input":{"@type":"PropertyValueSpecification","valueRequired":true,"valueName":"search_term_string"}}],"inLanguage":"fr-FR"},{"@type":"Organization","@id":"https:\/\/acgassinois.com\/#organization","name":"Avenir Cycliste Gassinois","url":"https:\/\/acgassinois.com\/","logo":{"@type":"ImageObject","inLanguage":"fr-FR","@id":"https:\/\/acgassinois.com\/#\/schema\/logo\/image\/","url":"https:\/\/acgassinois.com\/wp-content\/uploads\/2019\/10\/logo_acg.png","contentUrl":"https:\/\/acgassinois.com\/wp-content\/uploads\/2019\/10\/logo_acg.png","width":1753,"height":1240,"caption":"Avenir Cycliste Gassinois"},"image":{"@id":"https:\/\/acgassinois.com\/#\/schema\/logo\/image\/"},"sameAs":["https:\/\/www.facebook.com\/ACGassin\/","https:\/\/www.instagram.com\/acgassinois\/"]}]}},"_links":{"self":[{"href":"https:\/\/acgassinois.com\/index.php\/wp-json\/wp\/v2\/pages\/567","targetHints":{"allow":["GET"]}}],"collection":[{"href":"https:\/\/acgassinois.com\/index.php\/wp-json\/wp\/v2\/pages"}],"about":[{"href":"https:\/\/acgassinois.com\/index.php\/wp-json\/wp\/v2\/types\/page"}],"author":[{"embeddable":true,"href":"https:\/\/acgassinois.com\/index.php\/wp-json\/wp\/v2\/users\/1"}],"replies":[{"embeddable":true,"href":"https:\/\/acgassinois.com\/index.php\/wp-json\/wp\/v2\/comments?post=567"}],"version-history":[{"count":4,"href":"https:\/\/acgassinois.com\/index.php\/wp-json\/wp\/v2\/pages\/567\/revisions"}],"predecessor-version":[{"id":660,"href":"https:\/\/acgassinois.com\/index.php\/wp-json\/wp\/v2\/pages\/567\/revisions\/660"}],"wp:attachment":[{"href":"https:\/\/acgassinois.com\/index.php\/wp-json\/wp\/v2\/media?parent=567"}],"curies":[{"name":"wp","href":"https:\/\/api.w.org\/{rel}","templated":true}]}}