{"id":605,"date":"2020-01-13T11:55:37","date_gmt":"2020-01-13T11:55:37","guid":{"rendered":"https:\/\/acgassinois.com\/?page_id=605"},"modified":"2020-01-14T11:31:17","modified_gmt":"2020-01-14T11:31:17","slug":"lenvironnement-2","status":"publish","type":"page","link":"https:\/\/acgassinois.com\/index.php\/lenvironnement-2\/","title":{"rendered":"L&rsquo;ACG et l&rsquo;environnement"},"content":{"rendered":"\n<p>L&rsquo;Avenir Cycliste Gassinois organise une attention particuli\u00e8re \u00e0 <strong>l&rsquo;environnement<\/strong>. <\/p>\n\n\n\n<p>Nous avons <strong>lanc\u00e9<\/strong> <a href=\"https:\/\/acgassinois.com\/index.php\/lenvironnement\/\"><strong>l&rsquo;Enduro Durable<\/strong><\/a>, et nous avons <strong>adh\u00e9r\u00e9<\/strong> \u00e0 la <a href=\"https:\/\/acgassinois.com\/index.php\/moutain-bikers-foundation\/\"><strong>Mout<\/strong><\/a><strong><a href=\"https:\/\/acgassinois.com\/index.php\/moutain-bikers-foundation\/\">ain Bikers Foundation<\/a>. <\/strong><\/p>\n","protected":false},"excerpt":{"rendered":"<p>L&rsquo;Avenir Cycliste Gassinois organise une attention particuli\u00e8re \u00e0 l&rsquo;environnement. Nous avons lanc\u00e9 l&rsquo;Enduro Durable, et nous avons adh\u00e9r\u00e9 \u00e0 la Moutain Bikers Foundation.<\/p>\n","protected":false},"author":1,"featured_media":0,"parent":0,"menu_order":0,"comment_status":"closed","ping_status":"closed","template":"","meta":{"_acf_changed":false,"_themeisle_gutenberg_block_has_review":false,"footnotes":""},"class_list":["post-605","page","type-page","status-publish","hentry"],"acf":[],"yoast_head":"<!-- This site is optimized with the Yoast SEO plugin v27.3 - https:\/\/yoast.com\/product\/yoast-seo-wordpress\/ -->\n<title>L&#039;ACG et l&#039;environnement - Avenir Cycliste Gassinois<\/title>\n<meta name=\"robots\" content=\"index, follow, max-snippet:-1, max-image-preview:large, max-video-preview:-1\" \/>\n<link rel=\"canonical\" href=\"https:\/\/acgassinois.com\/index.php\/lenvironnement-2\/\" \/>\n<meta property=\"og:locale\" content=\"fr_FR\" \/>\n<meta property=\"og:type\" content=\"article\" \/>\n<meta property=\"og:title\" content=\"L&#039;ACG et l&#039;environnement - Avenir Cycliste Gassinois\" \/>\n<meta property=\"og:description\" content=\"L&rsquo;Avenir Cycliste Gassinois organise une attention particuli\u00e8re \u00e0 l&rsquo;environnement. Nous avons lanc\u00e9 l&rsquo;Enduro Durable, et nous avons adh\u00e9r\u00e9 \u00e0 la Moutain Bikers Foundation.\" \/>\n<meta property=\"og:url\" content=\"https:\/\/acgassinois.com\/index.php\/lenvironnement-2\/\" \/>\n<meta property=\"og:site_name\" content=\"Avenir Cycliste Gassinois\" \/>\n<meta property=\"article:publisher\" content=\"https:\/\/www.facebook.com\/ACGassin\/\" \/>\n<meta property=\"article:modified_time\" content=\"2020-01-14T11:31:17+00:00\" \/>\n<meta name=\"twitter:card\" content=\"summary_large_image\" \/>\n<script type=\"application\/ld+json\" class=\"yoast-schema-graph\">{\"@context\":\"https:\\\/\\\/schema.org\",\"@graph\":[{\"@type\":\"WebPage\",\"@id\":\"https:\\\/\\\/acgassinois.com\\\/index.php\\\/lenvironnement-2\\\/\",\"url\":\"https:\\\/\\\/acgassinois.com\\\/index.php\\\/lenvironnement-2\\\/\",\"name\":\"L'ACG et l'environnement - Avenir Cycliste Gassinois\",\"isPartOf\":{\"@id\":\"https:\\\/\\\/acgassinois.com\\\/#website\"},\"datePublished\":\"2020-01-13T11:55:37+00:00\",\"dateModified\":\"2020-01-14T11:31:17+00:00\",\"breadcrumb\":{\"@id\":\"https:\\\/\\\/acgassinois.com\\\/index.php\\\/lenvironnement-2\\\/#breadcrumb\"},\"inLanguage\":\"fr-FR\",\"potentialAction\":[{\"@type\":\"ReadAction\",\"target\":[\"https:\\\/\\\/acgassinois.com\\\/index.php\\\/lenvironnement-2\\\/\"]}]},{\"@type\":\"BreadcrumbList\",\"@id\":\"https:\\\/\\\/acgassinois.com\\\/index.php\\\/lenvironnement-2\\\/#breadcrumb\",\"itemListElement\":[{\"@type\":\"ListItem\",\"position\":1,\"name\":\"Accueil\",\"item\":\"https:\\\/\\\/acgassinois.com\\\/\"},{\"@type\":\"ListItem\",\"position\":2,\"name\":\"L&rsquo;ACG et l&rsquo;environnement\"}]},{\"@type\":\"WebSite\",\"@id\":\"https:\\\/\\\/acgassinois.com\\\/#website\",\"url\":\"https:\\\/\\\/acgassinois.com\\\/\",\"name\":\"Avenir Cycliste Gassinois\",\"description\":\"\",\"publisher\":{\"@id\":\"https:\\\/\\\/acgassinois.com\\\/#organization\"},\"potentialAction\":[{\"@type\":\"SearchAction\",\"target\":{\"@type\":\"EntryPoint\",\"urlTemplate\":\"https:\\\/\\\/acgassinois.com\\\/?s={search_term_string}\"},\"query-input\":{\"@type\":\"PropertyValueSpecification\",\"valueRequired\":true,\"valueName\":\"search_term_string\"}}],\"inLanguage\":\"fr-FR\"},{\"@type\":\"Organization\",\"@id\":\"https:\\\/\\\/acgassinois.com\\\/#organization\",\"name\":\"Avenir Cycliste Gassinois\",\"url\":\"https:\\\/\\\/acgassinois.com\\\/\",\"logo\":{\"@type\":\"ImageObject\",\"inLanguage\":\"fr-FR\",\"@id\":\"https:\\\/\\\/acgassinois.com\\\/#\\\/schema\\\/logo\\\/image\\\/\",\"url\":\"https:\\\/\\\/acgassinois.com\\\/wp-content\\\/uploads\\\/2019\\\/10\\\/logo_acg.png\",\"contentUrl\":\"https:\\\/\\\/acgassinois.com\\\/wp-content\\\/uploads\\\/2019\\\/10\\\/logo_acg.png\",\"width\":1753,\"height\":1240,\"caption\":\"Avenir Cycliste Gassinois\"},\"image\":{\"@id\":\"https:\\\/\\\/acgassinois.com\\\/#\\\/schema\\\/logo\\\/image\\\/\"},\"sameAs\":[\"https:\\\/\\\/www.facebook.com\\\/ACGassin\\\/\",\"https:\\\/\\\/www.instagram.com\\\/acgassinois\\\/\"]}]}<\/script>\n<!-- \/ Yoast SEO plugin. -->","yoast_head_json":{"title":"L'ACG et l'environnement - Avenir Cycliste Gassinois","robots":{"index":"index","follow":"follow","max-snippet":"max-snippet:-1","max-image-preview":"max-image-preview:large","max-video-preview":"max-video-preview:-1"},"canonical":"https:\/\/acgassinois.com\/index.php\/lenvironnement-2\/","og_locale":"fr_FR","og_type":"article","og_title":"L'ACG et l'environnement - Avenir Cycliste Gassinois","og_description":"L&rsquo;Avenir Cycliste Gassinois organise une attention particuli\u00e8re \u00e0 l&rsquo;environnement. Nous avons lanc\u00e9 l&rsquo;Enduro Durable, et nous avons adh\u00e9r\u00e9 \u00e0 la Moutain Bikers Foundation.","og_url":"https:\/\/acgassinois.com\/index.php\/lenvironnement-2\/","og_site_name":"Avenir Cycliste Gassinois","article_publisher":"https:\/\/www.facebook.com\/ACGassin\/","article_modified_time":"2020-01-14T11:31:17+00:00","twitter_card":"summary_large_image","schema":{"@context":"https:\/\/schema.org","@graph":[{"@type":"WebPage","@id":"https:\/\/acgassinois.com\/index.php\/lenvironnement-2\/","url":"https:\/\/acgassinois.com\/index.php\/lenvironnement-2\/","name":"L'ACG et l'environnement - Avenir Cycliste Gassinois","isPartOf":{"@id":"https:\/\/acgassinois.com\/#website"},"datePublished":"2020-01-13T11:55:37+00:00","dateModified":"2020-01-14T11:31:17+00:00","breadcrumb":{"@id":"https:\/\/acgassinois.com\/index.php\/lenvironnement-2\/#breadcrumb"},"inLanguage":"fr-FR","potentialAction":[{"@type":"ReadAction","target":["https:\/\/acgassinois.com\/index.php\/lenvironnement-2\/"]}]},{"@type":"BreadcrumbList","@id":"https:\/\/acgassinois.com\/index.php\/lenvironnement-2\/#breadcrumb","itemListElement":[{"@type":"ListItem","position":1,"name":"Accueil","item":"https:\/\/acgassinois.com\/"},{"@type":"ListItem","position":2,"name":"L&rsquo;ACG et l&rsquo;environnement"}]},{"@type":"WebSite","@id":"https:\/\/acgassinois.com\/#website","url":"https:\/\/acgassinois.com\/","name":"Avenir Cycliste Gassinois","description":"","publisher":{"@id":"https:\/\/acgassinois.com\/#organization"},"potentialAction":[{"@type":"SearchAction","target":{"@type":"EntryPoint","urlTemplate":"https:\/\/acgassinois.com\/?s={search_term_string}"},"query-input":{"@type":"PropertyValueSpecification","valueRequired":true,"valueName":"search_term_string"}}],"inLanguage":"fr-FR"},{"@type":"Organization","@id":"https:\/\/acgassinois.com\/#organization","name":"Avenir Cycliste Gassinois","url":"https:\/\/acgassinois.com\/","logo":{"@type":"ImageObject","inLanguage":"fr-FR","@id":"https:\/\/acgassinois.com\/#\/schema\/logo\/image\/","url":"https:\/\/acgassinois.com\/wp-content\/uploads\/2019\/10\/logo_acg.png","contentUrl":"https:\/\/acgassinois.com\/wp-content\/uploads\/2019\/10\/logo_acg.png","width":1753,"height":1240,"caption":"Avenir Cycliste Gassinois"},"image":{"@id":"https:\/\/acgassinois.com\/#\/schema\/logo\/image\/"},"sameAs":["https:\/\/www.facebook.com\/ACGassin\/","https:\/\/www.instagram.com\/acgassinois\/"]}]}},"_links":{"self":[{"href":"https:\/\/acgassinois.com\/index.php\/wp-json\/wp\/v2\/pages\/605","targetHints":{"allow":["GET"]}}],"collection":[{"href":"https:\/\/acgassinois.com\/index.php\/wp-json\/wp\/v2\/pages"}],"about":[{"href":"https:\/\/acgassinois.com\/index.php\/wp-json\/wp\/v2\/types\/page"}],"author":[{"embeddable":true,"href":"https:\/\/acgassinois.com\/index.php\/wp-json\/wp\/v2\/users\/1"}],"replies":[{"embeddable":true,"href":"https:\/\/acgassinois.com\/index.php\/wp-json\/wp\/v2\/comments?post=605"}],"version-history":[{"count":2,"href":"https:\/\/acgassinois.com\/index.php\/wp-json\/wp\/v2\/pages\/605\/revisions"}],"predecessor-version":[{"id":619,"href":"https:\/\/acgassinois.com\/index.php\/wp-json\/wp\/v2\/pages\/605\/revisions\/619"}],"wp:attachment":[{"href":"https:\/\/acgassinois.com\/index.php\/wp-json\/wp\/v2\/media?parent=605"}],"curies":[{"name":"wp","href":"https:\/\/api.w.org\/{rel}","templated":true}]}}