{"id":63,"date":"2019-10-09T08:30:00","date_gmt":"2019-10-09T08:30:00","guid":{"rendered":"https:\/\/acgassinois.com\/?page_id=63"},"modified":"2026-03-02T19:56:02","modified_gmt":"2026-03-02T19:56:02","slug":"informations-2","status":"publish","type":"page","link":"https:\/\/acgassinois.com\/index.php\/informations-2\/","title":{"rendered":"L&rsquo;Enduro des 3 Caps"},"content":{"rendered":"\n<figure class=\"wp-block-image size-large\"><img loading=\"lazy\" decoding=\"async\" width=\"733\" height=\"1024\" src=\"https:\/\/acgassinois.com\/wp-content\/uploads\/2026\/01\/Affiche-2026-A3_HD-733x1024.jpg\" alt=\"\" class=\"wp-image-1772\" srcset=\"https:\/\/acgassinois.com\/wp-content\/uploads\/2026\/01\/Affiche-2026-A3_HD-733x1024.jpg 733w, https:\/\/acgassinois.com\/wp-content\/uploads\/2026\/01\/Affiche-2026-A3_HD-215x300.jpg 215w, https:\/\/acgassinois.com\/wp-content\/uploads\/2026\/01\/Affiche-2026-A3_HD-768x1074.jpg 768w, https:\/\/acgassinois.com\/wp-content\/uploads\/2026\/01\/Affiche-2026-A3_HD-1099x1536.jpg 1099w, https:\/\/acgassinois.com\/wp-content\/uploads\/2026\/01\/Affiche-2026-A3_HD.jpg 1450w\" sizes=\"auto, (max-width: 733px) 100vw, 733px\" \/><\/figure>\n\n\n\n<p class=\"animated backInDown\">Sous le format du rallye automobile, <strong>l\u2019ENDURO <\/strong>s\u2019organise autour d\u2019une&nbsp;<strong>succession de sp\u00e9ciales&nbsp;\u00e0 profil&nbsp;descendant&nbsp;et&nbsp;chronom\u00e9tr\u00e9es<\/strong>. Les liaisons entre les sp\u00e9ciales se font en&nbsp;VTT.&nbsp;<\/p>\n\n\n\n<p class=\"animated backInUp\"><br><em>L&rsquo;Enduro des 3 Caps revient pour sa<strong> 10\u00e8me \u00e9dition<\/strong> , un anniversaire qui marque une d\u00e9cennie de sport et de passion ! <br><strong>Cinq sp\u00e9ciales&nbsp;et six en VAE<\/strong>&nbsp;sont au programme de la journ\u00e9e: Les pilotes sillonnent les collines dominant&nbsp;<strong>le golfe de&nbsp;SAINT- TROPEZ<\/strong>.<br>Cette ann\u00e9e encore , le parcours a \u00e9t\u00e9 retravaill\u00e9 afin d&rsquo;apporter des nouveaut\u00e9s, du plaisir et toujours plus de spectacle. <br>\u00c9preuve&nbsp;<strong>physique mais&nbsp;tr\u00e8s conviviale<\/strong>, les participants&nbsp;roulent ensemble, \u00e9changent pendant les liaisons, <strong>profitent des vues \u00e9poustouflantes<\/strong> sur le&nbsp;Golfe de Saint-Tropez, une&nbsp;<strong>Pasta-party offerte aux concurrents<\/strong> apr\u00e8s leur p\u00e9riple, et surtout&nbsp;<strong>joie et bonne humeur<\/strong> sont au rendez-vous de cette \u00e9preuve unique.<br>Aujourd\u2019hui l\u2019Enduro de L\u2019Avenir Cycliste Gassinois est <strong>l\u2019une des \u00e9preuves majeure de France<\/strong> avec plus de 350 concurrents venus pour la comp\u00e9tition, mais aussi &#8211; et surtout &#8211; pour le plaisir de c\u00e9l\u00e9brer ensemble ces <strong>10 ans d&rsquo;Enduro des 3 Caps<\/strong> <\/em><\/p>\n\n\n\n<p class=\"has-text-align-center animated backInDown has-background has-medium-font-size\" style=\"background:linear-gradient(90deg,rgb(39,67,166) 0%,rgb(155,81,224) 100%)\">Le <strong>14 Mars 2026<\/strong> aura lieu l&rsquo;\u00e9preuve de <strong>Gassin<\/strong> du 10\u00e8me <strong>Enduro Des 3 Caps<\/strong> :<\/p>\n\n\n\n<div id=\"wp-block-themeisle-blocks-button-group-a4c2b44a\" class=\"wp-block-themeisle-blocks-button-group wp-block-buttons align-center-desktop animated backInRight\">\n<div id=\"wp-block-themeisle-blocks-button-645f3bb9\" class=\"wp-block-themeisle-blocks-button wp-block-button\"><a href=\"https:\/\/www.engage-sports.com\/enduro-des-3-caps-2026-2026\/\" target=\"_self\" rel=\"noopener noreferrer\" class=\"wp-block-button__link\"><span>Je m&rsquo;inscris \u00e0 l&rsquo;\u00e9preuve <\/span><\/a><\/div>\n<\/div>\n\n\n\n<p class=\"animated backInLeft has-medium-font-size\"><br>D\u00e9couvrez ici toutes les informations sur l&rsquo;\u00e9preuve :<\/p>\n\n\n\n<ul class=\"wp-block-list\">\n<li class=\"animated backInRight\">merci de lire le <strong>REGLEMENT<\/strong> <\/li>\n\n\n\n<li class=\"animated backInLeft\"> pour toutes personnes <strong>MINEURES<\/strong> participants \u00e0 l&rsquo;\u00e9preuve, merci d&rsquo;imprimer et faire signer l&rsquo;autorisation parentale : <\/li>\n<\/ul>\n\n\n\n<div id=\"wp-block-themeisle-blocks-accordion-a74c72e7\" class=\"wp-block-themeisle-blocks-accordion exclusive\">\n<details class=\"wp-block-themeisle-blocks-accordion-item animated backInLeft\"><summary class=\"wp-block-themeisle-blocks-accordion-item__title\"><div><strong>Programme<\/strong><\/div><\/summary><div class=\"wp-block-themeisle-blocks-accordion-item__content\">\n<div data-wp-interactive=\"core\/file\" class=\"wp-block-file\"><object data-wp-bind--hidden=\"!state.hasPdfPreview\" hidden class=\"wp-block-file__embed\" data=\"https:\/\/acgassinois.com\/wp-content\/uploads\/2026\/01\/Programme-3-Caps-2027.pdf\" type=\"application\/pdf\" style=\"width:100%;height:600px\" aria-label=\"Contenu embarqu\u00e9 Programme 3 Caps 2027.\"><\/object><a id=\"wp-block-file--media-33a66932-f3dc-412b-b623-74983440e01c\" href=\"https:\/\/acgassinois.com\/wp-content\/uploads\/2026\/01\/Programme-3-Caps-2027.pdf\">Programme 3 Caps 2027<\/a><a href=\"https:\/\/acgassinois.com\/wp-content\/uploads\/2026\/01\/Programme-3-Caps-2027.pdf\" class=\"wp-block-file__button wp-element-button\" download aria-describedby=\"wp-block-file--media-33a66932-f3dc-412b-b623-74983440e01c\">T\u00e9l\u00e9charger<\/a><\/div>\n<\/div><\/details>\n\n\n\n<details class=\"wp-block-themeisle-blocks-accordion-item animated backInRight\"><summary class=\"wp-block-themeisle-blocks-accordion-item__title\"><div><strong>R\u00e8glement<\/strong><\/div><\/summary><div class=\"wp-block-themeisle-blocks-accordion-item__content\">\n<div data-wp-interactive=\"core\/file\" class=\"wp-block-file\"><object data-wp-bind--hidden=\"!state.hasPdfPreview\" hidden class=\"wp-block-file__embed\" data=\"https:\/\/acgassinois.com\/wp-content\/uploads\/2026\/03\/Reglement-Enduro-des-3-Caps-2027.pdf\" type=\"application\/pdf\" style=\"width:100%;height:600px\" aria-label=\"Contenu embarqu\u00e9 Re\u0300glement Enduro des 3 Caps 2027.\"><\/object><a id=\"wp-block-file--media-63c6f36c-e94b-4361-be0c-864298a91bb9\" href=\"https:\/\/acgassinois.com\/wp-content\/uploads\/2026\/03\/Reglement-Enduro-des-3-Caps-2027.pdf\">Re\u0300glement Enduro des 3 Caps 2027<\/a><a href=\"https:\/\/acgassinois.com\/wp-content\/uploads\/2026\/03\/Reglement-Enduro-des-3-Caps-2027.pdf\" class=\"wp-block-file__button wp-element-button\" download aria-describedby=\"wp-block-file--media-63c6f36c-e94b-4361-be0c-864298a91bb9\">T\u00e9l\u00e9charger<\/a><\/div>\n<\/div><\/details>\n\n\n\n<details class=\"wp-block-themeisle-blocks-accordion-item animated backInLeft\"><summary class=\"wp-block-themeisle-blocks-accordion-item__title\"><div><strong>Autorisation parentale<\/strong><\/div><\/summary><div class=\"wp-block-themeisle-blocks-accordion-item__content\">\n<div data-wp-interactive=\"core\/file\" class=\"wp-block-file\"><object data-wp-bind--hidden=\"!state.hasPdfPreview\" hidden class=\"wp-block-file__embed\" data=\"https:\/\/acgassinois.com\/wp-content\/uploads\/2026\/01\/Autorisation-parentale-3-caps-2026.pdf\" type=\"application\/pdf\" style=\"width:100%;height:600px\" aria-label=\"Contenu embarqu\u00e9 Autorisation parentale 3 caps 2026.\"><\/object><a id=\"wp-block-file--media-5cb67dbc-0cac-4e72-b223-9f3cbada1ca1\" href=\"https:\/\/acgassinois.com\/wp-content\/uploads\/2026\/01\/Autorisation-parentale-3-caps-2026.pdf\">Autorisation parentale 3 caps 2026<\/a><a href=\"https:\/\/acgassinois.com\/wp-content\/uploads\/2026\/01\/Autorisation-parentale-3-caps-2026.pdf\" class=\"wp-block-file__button wp-element-button\" download aria-describedby=\"wp-block-file--media-5cb67dbc-0cac-4e72-b223-9f3cbada1ca1\">T\u00e9l\u00e9charger<\/a><\/div>\n<\/div><\/details>\n\n\n\n<details class=\"wp-block-themeisle-blocks-accordion-item animated backInRight\"><summary class=\"wp-block-themeisle-blocks-accordion-item__title\"><div><strong>Parcours et profil du parcours <\/strong><\/div><\/summary><div class=\"wp-block-themeisle-blocks-accordion-item__content\">\n<figure class=\"wp-block-image size-large is-resized\"><img loading=\"lazy\" decoding=\"async\" width=\"717\" height=\"1024\" src=\"https:\/\/acgassinois.com\/wp-content\/uploads\/2023\/01\/Capture-decran-2023-01-24-a-14.06.15-717x1024.png\" alt=\"\" class=\"wp-image-958\" style=\"width:624px;height:auto\" srcset=\"https:\/\/acgassinois.com\/wp-content\/uploads\/2023\/01\/Capture-decran-2023-01-24-a-14.06.15-717x1024.png 717w, https:\/\/acgassinois.com\/wp-content\/uploads\/2023\/01\/Capture-decran-2023-01-24-a-14.06.15-210x300.png 210w, https:\/\/acgassinois.com\/wp-content\/uploads\/2023\/01\/Capture-decran-2023-01-24-a-14.06.15-768x1098.png 768w, https:\/\/acgassinois.com\/wp-content\/uploads\/2023\/01\/Capture-decran-2023-01-24-a-14.06.15.png 1058w\" sizes=\"auto, (max-width: 717px) 100vw, 717px\" \/><\/figure>\n\n\n\n<figure class=\"wp-block-image size-large\"><img loading=\"lazy\" decoding=\"async\" width=\"1024\" height=\"721\" src=\"https:\/\/acgassinois.com\/wp-content\/uploads\/2023\/01\/Capture-decran-2023-01-24-a-14.06.24-1024x721.png\" alt=\"\" class=\"wp-image-960\" srcset=\"https:\/\/acgassinois.com\/wp-content\/uploads\/2023\/01\/Capture-decran-2023-01-24-a-14.06.24-1024x721.png 1024w, https:\/\/acgassinois.com\/wp-content\/uploads\/2023\/01\/Capture-decran-2023-01-24-a-14.06.24-300x211.png 300w, https:\/\/acgassinois.com\/wp-content\/uploads\/2023\/01\/Capture-decran-2023-01-24-a-14.06.24-768x540.png 768w, https:\/\/acgassinois.com\/wp-content\/uploads\/2023\/01\/Capture-decran-2023-01-24-a-14.06.24-1536x1081.png 1536w, https:\/\/acgassinois.com\/wp-content\/uploads\/2023\/01\/Capture-decran-2023-01-24-a-14.06.24.png 1998w\" sizes=\"auto, (max-width: 767px) 89vw, (max-width: 1000px) 54vw, (max-width: 1071px) 543px, 580px\" \/><\/figure>\n<\/div><\/details>\n<\/div>\n\n\n\n<p class=\"has-medium-font-size\"><strong><em>Vous \u00eates spectateur ? <a href=\"https:\/\/acgassinois.com\/index.php\/spectateurs\/\">Cliquez ici pour plus d&rsquo;informations <\/a>! <\/em><\/strong><\/p>\n\n\n\n<p class=\"has-medium-font-size\">Afin d&rsquo;avoir plus <strong>d&rsquo;actualit\u00e9<\/strong> n&rsquo;h\u00e9sitez pas \u00e0 nous <strong>suivre<\/strong> sur <strong><a aria-label=\"Facebook (s\u2019ouvre dans un nouvel onglet)\" href=\"https:\/\/www.facebook.com\/ACGassin\/\" target=\"_blank\" rel=\"noreferrer noopener\">Facebook<\/a><\/strong>, et m\u00eame <strong>rejoindre<\/strong> notre <strong>\u00e9v\u00e9nement<\/strong> !<\/p>\n\n\n\n<figure class=\"wp-block-embed is-type-video is-provider-youtube wp-block-embed-youtube wp-embed-aspect-16-9 wp-has-aspect-ratio\"><div class=\"wp-block-embed__wrapper\">\n<iframe loading=\"lazy\" title=\"ENDURO DES 3 CAPS 2025\" width=\"525\" height=\"295\" src=\"https:\/\/www.youtube.com\/embed\/NLcWC_Yy8L4?feature=oembed\" frameborder=\"0\" allow=\"accelerometer; autoplay; clipboard-write; encrypted-media; gyroscope; picture-in-picture; web-share\" referrerpolicy=\"strict-origin-when-cross-origin\" allowfullscreen><\/iframe>\n<\/div><\/figure>\n\n\n\n<figure class=\"wp-block-embed is-type-video is-provider-youtube wp-block-embed-youtube wp-embed-aspect-16-9 wp-has-aspect-ratio\"><div class=\"wp-block-embed__wrapper\">\n<iframe loading=\"lazy\" title=\"Enduro des 3 Caps 2024\" width=\"525\" height=\"295\" src=\"https:\/\/www.youtube.com\/embed\/wWVHQbk7hK8?feature=oembed\" frameborder=\"0\" allow=\"accelerometer; autoplay; clipboard-write; encrypted-media; gyroscope; picture-in-picture; web-share\" referrerpolicy=\"strict-origin-when-cross-origin\" allowfullscreen><\/iframe>\n<\/div><\/figure>\n\n\n\n<figure class=\"wp-block-embed is-type-video is-provider-youtube wp-block-embed-youtube wp-embed-aspect-16-9 wp-has-aspect-ratio\"><div class=\"wp-block-embed__wrapper\">\n<iframe loading=\"lazy\" title=\"Organisation 3 CAPS ACG 2023\" width=\"525\" height=\"295\" src=\"https:\/\/www.youtube.com\/embed\/JCIS3cq306o?feature=oembed\" frameborder=\"0\" allow=\"accelerometer; autoplay; clipboard-write; encrypted-media; gyroscope; picture-in-picture; web-share\" referrerpolicy=\"strict-origin-when-cross-origin\" allowfullscreen><\/iframe>\n<\/div><figcaption class=\"wp-element-caption\">D\u00e9couvrez l&rsquo;organisation de l&rsquo;Enduro Des 3Caps, \u00e9dition 2023 ! <\/figcaption><\/figure>\n","protected":false},"excerpt":{"rendered":"<p>Sous le format du rallye automobile, l\u2019ENDURO s\u2019organise autour d\u2019une&nbsp;succession de sp\u00e9ciales&nbsp;\u00e0 profil&nbsp;descendant&nbsp;et&nbsp;chronom\u00e9tr\u00e9es. Les liaisons entre les sp\u00e9ciales se font en&nbsp;VTT.&nbsp; L&rsquo;Enduro des 3 Caps revient pour sa 10\u00e8me \u00e9dition , un anniversaire qui marque une d\u00e9cennie de sport et de passion ! Cinq sp\u00e9ciales&nbsp;et six en VAE&nbsp;sont au programme de la journ\u00e9e: Les pilotes &hellip; <\/p>\n<p class=\"link-more\"><a href=\"https:\/\/acgassinois.com\/index.php\/informations-2\/\" class=\"more-link\">Continuer la lecture<span class=\"screen-reader-text\"> de &laquo;&nbsp;L&rsquo;Enduro des 3 Caps&nbsp;&raquo;<\/span><\/a><\/p>\n","protected":false},"author":1,"featured_media":0,"parent":0,"menu_order":0,"comment_status":"closed","ping_status":"closed","template":"","meta":{"_acf_changed":false,"_themeisle_gutenberg_block_has_review":false,"footnotes":""},"class_list":["post-63","page","type-page","status-publish","hentry"],"acf":[],"yoast_head":"<!-- This site is optimized with the Yoast SEO plugin v27.3 - https:\/\/yoast.com\/product\/yoast-seo-wordpress\/ -->\n<title>L&#039;Enduro des 3 Caps - Avenir Cycliste Gassinois<\/title>\n<meta name=\"description\" content=\"Informations pour l&#039;inscription \u00e0 l&#039;Enduro Des 3 Caps, \u00e9preuve de Gassin le 19 mars 2023, organis\u00e9 par l&#039;avenir cycliste gassinois\" \/>\n<meta name=\"robots\" content=\"index, follow, max-snippet:-1, max-image-preview:large, max-video-preview:-1\" \/>\n<link rel=\"canonical\" href=\"https:\/\/acgassinois.com\/index.php\/informations-2\/\" \/>\n<meta property=\"og:locale\" content=\"fr_FR\" \/>\n<meta property=\"og:type\" content=\"article\" \/>\n<meta property=\"og:title\" content=\"L&#039;Enduro des 3 Caps - Avenir Cycliste Gassinois\" \/>\n<meta property=\"og:description\" content=\"Informations pour l&#039;inscription \u00e0 l&#039;Enduro Des 3 Caps, \u00e9preuve de Gassin le 19 mars 2023, organis\u00e9 par l&#039;avenir cycliste gassinois\" \/>\n<meta property=\"og:url\" content=\"https:\/\/acgassinois.com\/index.php\/informations-2\/\" \/>\n<meta property=\"og:site_name\" content=\"Avenir Cycliste Gassinois\" \/>\n<meta property=\"article:publisher\" content=\"https:\/\/www.facebook.com\/ACGassin\/\" \/>\n<meta property=\"article:modified_time\" content=\"2026-03-02T19:56:02+00:00\" \/>\n<meta property=\"og:image\" content=\"https:\/\/acgassinois.com\/wp-content\/uploads\/2026\/01\/Affiche-2026-A3_HD.jpg\" \/>\n\t<meta property=\"og:image:width\" content=\"1450\" \/>\n\t<meta property=\"og:image:height\" content=\"2027\" \/>\n\t<meta property=\"og:image:type\" content=\"image\/jpeg\" \/>\n<meta name=\"twitter:card\" content=\"summary_large_image\" \/>\n<meta name=\"twitter:label1\" content=\"Dur\u00e9e de lecture estim\u00e9e\" \/>\n\t<meta name=\"twitter:data1\" content=\"3 minutes\" \/>\n<script type=\"application\/ld+json\" class=\"yoast-schema-graph\">{\"@context\":\"https:\\\/\\\/schema.org\",\"@graph\":[{\"@type\":\"WebPage\",\"@id\":\"https:\\\/\\\/acgassinois.com\\\/index.php\\\/informations-2\\\/\",\"url\":\"https:\\\/\\\/acgassinois.com\\\/index.php\\\/informations-2\\\/\",\"name\":\"L'Enduro des 3 Caps - Avenir Cycliste Gassinois\",\"isPartOf\":{\"@id\":\"https:\\\/\\\/acgassinois.com\\\/#website\"},\"primaryImageOfPage\":{\"@id\":\"https:\\\/\\\/acgassinois.com\\\/index.php\\\/informations-2\\\/#primaryimage\"},\"image\":{\"@id\":\"https:\\\/\\\/acgassinois.com\\\/index.php\\\/informations-2\\\/#primaryimage\"},\"thumbnailUrl\":\"https:\\\/\\\/acgassinois.com\\\/wp-content\\\/uploads\\\/2026\\\/01\\\/Affiche-2026-A3_HD-733x1024.jpg\",\"datePublished\":\"2019-10-09T08:30:00+00:00\",\"dateModified\":\"2026-03-02T19:56:02+00:00\",\"description\":\"Informations pour l'inscription \u00e0 l'Enduro Des 3 Caps, \u00e9preuve de Gassin le 19 mars 2023, organis\u00e9 par l'avenir cycliste gassinois\",\"breadcrumb\":{\"@id\":\"https:\\\/\\\/acgassinois.com\\\/index.php\\\/informations-2\\\/#breadcrumb\"},\"inLanguage\":\"fr-FR\",\"potentialAction\":[{\"@type\":\"ReadAction\",\"target\":[\"https:\\\/\\\/acgassinois.com\\\/index.php\\\/informations-2\\\/\"]}]},{\"@type\":\"ImageObject\",\"inLanguage\":\"fr-FR\",\"@id\":\"https:\\\/\\\/acgassinois.com\\\/index.php\\\/informations-2\\\/#primaryimage\",\"url\":\"https:\\\/\\\/acgassinois.com\\\/wp-content\\\/uploads\\\/2026\\\/01\\\/Affiche-2026-A3_HD.jpg\",\"contentUrl\":\"https:\\\/\\\/acgassinois.com\\\/wp-content\\\/uploads\\\/2026\\\/01\\\/Affiche-2026-A3_HD.jpg\",\"width\":1450,\"height\":2027},{\"@type\":\"BreadcrumbList\",\"@id\":\"https:\\\/\\\/acgassinois.com\\\/index.php\\\/informations-2\\\/#breadcrumb\",\"itemListElement\":[{\"@type\":\"ListItem\",\"position\":1,\"name\":\"Accueil\",\"item\":\"https:\\\/\\\/acgassinois.com\\\/\"},{\"@type\":\"ListItem\",\"position\":2,\"name\":\"L&rsquo;Enduro des 3 Caps\"}]},{\"@type\":\"WebSite\",\"@id\":\"https:\\\/\\\/acgassinois.com\\\/#website\",\"url\":\"https:\\\/\\\/acgassinois.com\\\/\",\"name\":\"Avenir Cycliste Gassinois\",\"description\":\"\",\"publisher\":{\"@id\":\"https:\\\/\\\/acgassinois.com\\\/#organization\"},\"potentialAction\":[{\"@type\":\"SearchAction\",\"target\":{\"@type\":\"EntryPoint\",\"urlTemplate\":\"https:\\\/\\\/acgassinois.com\\\/?s={search_term_string}\"},\"query-input\":{\"@type\":\"PropertyValueSpecification\",\"valueRequired\":true,\"valueName\":\"search_term_string\"}}],\"inLanguage\":\"fr-FR\"},{\"@type\":\"Organization\",\"@id\":\"https:\\\/\\\/acgassinois.com\\\/#organization\",\"name\":\"Avenir Cycliste Gassinois\",\"url\":\"https:\\\/\\\/acgassinois.com\\\/\",\"logo\":{\"@type\":\"ImageObject\",\"inLanguage\":\"fr-FR\",\"@id\":\"https:\\\/\\\/acgassinois.com\\\/#\\\/schema\\\/logo\\\/image\\\/\",\"url\":\"https:\\\/\\\/acgassinois.com\\\/wp-content\\\/uploads\\\/2019\\\/10\\\/logo_acg.png\",\"contentUrl\":\"https:\\\/\\\/acgassinois.com\\\/wp-content\\\/uploads\\\/2019\\\/10\\\/logo_acg.png\",\"width\":1753,\"height\":1240,\"caption\":\"Avenir Cycliste Gassinois\"},\"image\":{\"@id\":\"https:\\\/\\\/acgassinois.com\\\/#\\\/schema\\\/logo\\\/image\\\/\"},\"sameAs\":[\"https:\\\/\\\/www.facebook.com\\\/ACGassin\\\/\",\"https:\\\/\\\/www.instagram.com\\\/acgassinois\\\/\"]}]}<\/script>\n<!-- \/ Yoast SEO plugin. -->","yoast_head_json":{"title":"L'Enduro des 3 Caps - Avenir Cycliste Gassinois","description":"Informations pour l'inscription \u00e0 l'Enduro Des 3 Caps, \u00e9preuve de Gassin le 19 mars 2023, organis\u00e9 par l'avenir cycliste gassinois","robots":{"index":"index","follow":"follow","max-snippet":"max-snippet:-1","max-image-preview":"max-image-preview:large","max-video-preview":"max-video-preview:-1"},"canonical":"https:\/\/acgassinois.com\/index.php\/informations-2\/","og_locale":"fr_FR","og_type":"article","og_title":"L'Enduro des 3 Caps - Avenir Cycliste Gassinois","og_description":"Informations pour l'inscription \u00e0 l'Enduro Des 3 Caps, \u00e9preuve de Gassin le 19 mars 2023, organis\u00e9 par l'avenir cycliste gassinois","og_url":"https:\/\/acgassinois.com\/index.php\/informations-2\/","og_site_name":"Avenir Cycliste Gassinois","article_publisher":"https:\/\/www.facebook.com\/ACGassin\/","article_modified_time":"2026-03-02T19:56:02+00:00","og_image":[{"width":1450,"height":2027,"url":"https:\/\/acgassinois.com\/wp-content\/uploads\/2026\/01\/Affiche-2026-A3_HD.jpg","type":"image\/jpeg"}],"twitter_card":"summary_large_image","twitter_misc":{"Dur\u00e9e de lecture estim\u00e9e":"3 minutes"},"schema":{"@context":"https:\/\/schema.org","@graph":[{"@type":"WebPage","@id":"https:\/\/acgassinois.com\/index.php\/informations-2\/","url":"https:\/\/acgassinois.com\/index.php\/informations-2\/","name":"L'Enduro des 3 Caps - Avenir Cycliste Gassinois","isPartOf":{"@id":"https:\/\/acgassinois.com\/#website"},"primaryImageOfPage":{"@id":"https:\/\/acgassinois.com\/index.php\/informations-2\/#primaryimage"},"image":{"@id":"https:\/\/acgassinois.com\/index.php\/informations-2\/#primaryimage"},"thumbnailUrl":"https:\/\/acgassinois.com\/wp-content\/uploads\/2026\/01\/Affiche-2026-A3_HD-733x1024.jpg","datePublished":"2019-10-09T08:30:00+00:00","dateModified":"2026-03-02T19:56:02+00:00","description":"Informations pour l'inscription \u00e0 l'Enduro Des 3 Caps, \u00e9preuve de Gassin le 19 mars 2023, organis\u00e9 par l'avenir cycliste gassinois","breadcrumb":{"@id":"https:\/\/acgassinois.com\/index.php\/informations-2\/#breadcrumb"},"inLanguage":"fr-FR","potentialAction":[{"@type":"ReadAction","target":["https:\/\/acgassinois.com\/index.php\/informations-2\/"]}]},{"@type":"ImageObject","inLanguage":"fr-FR","@id":"https:\/\/acgassinois.com\/index.php\/informations-2\/#primaryimage","url":"https:\/\/acgassinois.com\/wp-content\/uploads\/2026\/01\/Affiche-2026-A3_HD.jpg","contentUrl":"https:\/\/acgassinois.com\/wp-content\/uploads\/2026\/01\/Affiche-2026-A3_HD.jpg","width":1450,"height":2027},{"@type":"BreadcrumbList","@id":"https:\/\/acgassinois.com\/index.php\/informations-2\/#breadcrumb","itemListElement":[{"@type":"ListItem","position":1,"name":"Accueil","item":"https:\/\/acgassinois.com\/"},{"@type":"ListItem","position":2,"name":"L&rsquo;Enduro des 3 Caps"}]},{"@type":"WebSite","@id":"https:\/\/acgassinois.com\/#website","url":"https:\/\/acgassinois.com\/","name":"Avenir Cycliste Gassinois","description":"","publisher":{"@id":"https:\/\/acgassinois.com\/#organization"},"potentialAction":[{"@type":"SearchAction","target":{"@type":"EntryPoint","urlTemplate":"https:\/\/acgassinois.com\/?s={search_term_string}"},"query-input":{"@type":"PropertyValueSpecification","valueRequired":true,"valueName":"search_term_string"}}],"inLanguage":"fr-FR"},{"@type":"Organization","@id":"https:\/\/acgassinois.com\/#organization","name":"Avenir Cycliste Gassinois","url":"https:\/\/acgassinois.com\/","logo":{"@type":"ImageObject","inLanguage":"fr-FR","@id":"https:\/\/acgassinois.com\/#\/schema\/logo\/image\/","url":"https:\/\/acgassinois.com\/wp-content\/uploads\/2019\/10\/logo_acg.png","contentUrl":"https:\/\/acgassinois.com\/wp-content\/uploads\/2019\/10\/logo_acg.png","width":1753,"height":1240,"caption":"Avenir Cycliste Gassinois"},"image":{"@id":"https:\/\/acgassinois.com\/#\/schema\/logo\/image\/"},"sameAs":["https:\/\/www.facebook.com\/ACGassin\/","https:\/\/www.instagram.com\/acgassinois\/"]}]}},"_links":{"self":[{"href":"https:\/\/acgassinois.com\/index.php\/wp-json\/wp\/v2\/pages\/63","targetHints":{"allow":["GET"]}}],"collection":[{"href":"https:\/\/acgassinois.com\/index.php\/wp-json\/wp\/v2\/pages"}],"about":[{"href":"https:\/\/acgassinois.com\/index.php\/wp-json\/wp\/v2\/types\/page"}],"author":[{"embeddable":true,"href":"https:\/\/acgassinois.com\/index.php\/wp-json\/wp\/v2\/users\/1"}],"replies":[{"embeddable":true,"href":"https:\/\/acgassinois.com\/index.php\/wp-json\/wp\/v2\/comments?post=63"}],"version-history":[{"count":71,"href":"https:\/\/acgassinois.com\/index.php\/wp-json\/wp\/v2\/pages\/63\/revisions"}],"predecessor-version":[{"id":1790,"href":"https:\/\/acgassinois.com\/index.php\/wp-json\/wp\/v2\/pages\/63\/revisions\/1790"}],"wp:attachment":[{"href":"https:\/\/acgassinois.com\/index.php\/wp-json\/wp\/v2\/media?parent=63"}],"curies":[{"name":"wp","href":"https:\/\/api.w.org\/{rel}","templated":true}]}}