{"id":70,"date":"2019-10-09T18:47:40","date_gmt":"2019-10-09T18:47:40","guid":{"rendered":"https:\/\/acgassinois.com\/?page_id=70"},"modified":"2022-12-01T14:29:30","modified_gmt":"2022-12-01T14:29:30","slug":"nos-champions","status":"publish","type":"page","link":"https:\/\/acgassinois.com\/index.php\/nos-champions\/","title":{"rendered":"Nos Champions"},"content":{"rendered":"\n<p class=\"has-medium-font-size\">Notre <strong>objectif<\/strong> premier est<strong> l&rsquo;accompagnement<\/strong> de <strong>nos jeunes<\/strong> dans les <strong>disciplines<\/strong> qu&rsquo;ils <strong>affectionnent<\/strong> tout particuli\u00e8rement. <\/p>\n\n\n\n<p class=\"has-medium-font-size\">Apr\u00e8s avoir eu une p\u00e9riode <strong>XC<\/strong>, puis <strong>DH<\/strong>, puis <strong>XC<\/strong> \u00e0 nouveau, nous sommes actuellement dans un cycle <strong>Enduro<\/strong>. <\/p>\n\n\n\n<p class=\"has-medium-font-size\">Nous ferons le maximum pour que nos jeunes <strong>s&rsquo;\u00e9panouissent<\/strong> dans cette discipline, mais nous oublions pas les autres. Nous sommes \u00e0 <strong>l&rsquo;\u00e9coute<\/strong> de toutes <strong>les envies<\/strong>. <\/p>\n\n\n\n<figure class=\"wp-block-image size-large is-resized\"><img loading=\"lazy\" decoding=\"async\" src=\"https:\/\/acgassinois.com\/wp-content\/uploads\/2019\/12\/Photo-enduriste-3-1024x683.jpg\" alt=\"\" class=\"wp-image-551\" width=\"627\" height=\"418\" srcset=\"https:\/\/acgassinois.com\/wp-content\/uploads\/2019\/12\/Photo-enduriste-3-1024x683.jpg 1024w, https:\/\/acgassinois.com\/wp-content\/uploads\/2019\/12\/Photo-enduriste-3-300x200.jpg 300w, https:\/\/acgassinois.com\/wp-content\/uploads\/2019\/12\/Photo-enduriste-3-768x513.jpg 768w, https:\/\/acgassinois.com\/wp-content\/uploads\/2019\/12\/Photo-enduriste-3-1536x1025.jpg 1536w, https:\/\/acgassinois.com\/wp-content\/uploads\/2019\/12\/Photo-enduriste-3-2048x1367.jpg 2048w\" sizes=\"auto, (max-width: 627px) 100vw, 627px\" \/><figcaption class=\"wp-element-caption\">De gauche \u00e0 droite : Nans Vaubourzeix, Marin Kaux, Loris Blengini, Charlotte Rey<\/figcaption><\/figure>\n\n\n\n<p class=\"has-luminous-vivid-orange-background-color has-background has-x-large-font-size\"><span style=\"text-decoration: underline;\"><strong>R\u00e9sultats 2022 : <\/strong><\/span><\/p>\n\n\n\n<p class=\"has-luminous-vivid-orange-color has-text-color has-large-font-size\"><strong><span style=\"text-decoration: underline;\">Cadet\u00a0:<\/span><\/strong><\/p>\n\n\n\n<p class=\"has-luminous-vivid-orange-color has-text-color has-medium-font-size\"><strong>Paolo Michoud&nbsp;:&nbsp;<\/strong><\/p>\n\n\n\n<ul class=\"wp-block-list\">\n<li>Vainqueur du classement g\u00e9n\u00e9ral cadet Provence Enduro kid dont une victoire \u00e0 la Mouli\u00e8re<\/li>\n<\/ul>\n\n\n\n<p class=\"has-luminous-vivid-orange-color has-text-color has-medium-font-size\"><strong>Tom Demarquoy&nbsp;:&nbsp;<\/strong><\/p>\n\n\n\n<ul class=\"wp-block-list\">\n<li>5<sup>\u00e8me<\/sup> du classement g\u00e9n\u00e9ral cadet Provence Enduro kid<\/li>\n<\/ul>\n\n\n\n<p class=\"has-luminous-vivid-orange-color has-text-color has-medium-font-size\"><strong>Melvin&nbsp;:&nbsp;<\/strong><\/p>\n\n\n\n<ul class=\"wp-block-list\">\n<li>8<sup>\u00e8me<\/sup> du classement g\u00e9n\u00e9ral cadet Provence Enduro kid<\/li>\n<\/ul>\n\n\n\n<p class=\"has-luminous-vivid-orange-color has-text-color has-large-font-size\"><strong><span style=\"text-decoration: underline;\">Minime\u00a0:<\/span><\/strong><\/p>\n\n\n\n<p class=\"has-luminous-vivid-orange-color has-text-color has-medium-font-size\"><strong>Thomas Lamory&nbsp;:<\/strong>&nbsp;<\/p>\n\n\n\n<ul class=\"wp-block-list\">\n<li>10<sup>\u00e8me<\/sup> du classement g\u00e9n\u00e9ral minime Provence Enduro kid<\/li>\n<\/ul>\n\n\n\n<p class=\"has-luminous-vivid-orange-color has-text-color has-medium-font-size\"><strong>Charlie Videcoq&nbsp;:&nbsp;<\/strong><\/p>\n\n\n\n<ul class=\"wp-block-list\">\n<li>11<sup>\u00e8me<\/sup> du classement g\u00e9n\u00e9ral minime Provence Enduro kid<\/li>\n<\/ul>\n\n\n\n<p class=\"has-luminous-vivid-orange-color has-text-color has-medium-font-size\"><strong>Lola Prat&nbsp;:&nbsp;<\/strong><\/p>\n\n\n\n<ul class=\"wp-block-list\">\n<li>5<sup>\u00e8me<\/sup> du classement g\u00e9n\u00e9ral minime Fille Provence Enduro kid<\/li>\n<\/ul>\n\n\n\n<p class=\"has-luminous-vivid-orange-color has-text-color has-large-font-size\"><strong><span style=\"text-decoration: underline;\">Benjamin\u00a0:<\/span><\/strong><\/p>\n\n\n\n<p class=\"has-luminous-vivid-orange-color has-text-color has-medium-font-size\"><strong>Samuel Manzoni&nbsp;:&nbsp;<\/strong><\/p>\n\n\n\n<ul class=\"wp-block-list\">\n<li>9<sup>\u00e8me<\/sup> du classement g\u00e9n\u00e9ral benjamin Provence Enduro kid<\/li>\n<\/ul>\n\n\n\n<p class=\"has-luminous-vivid-orange-color has-text-color has-large-font-size\"><strong><span style=\"text-decoration: underline;\">Autres\u00a0:<\/span><\/strong><\/p>\n\n\n\n<p class=\"has-luminous-vivid-orange-color has-text-color has-medium-font-size\"><strong>Stella Deharo<\/strong>&nbsp;:&nbsp;<\/p>\n\n\n\n<ul class=\"wp-block-list\">\n<li>3 victoires en coupes du Var XC (val d\u2019Astier, Seillans, Boulouris)<\/li>\n\n\n\n<li>Championne du Var XC&nbsp;<\/li>\n<\/ul>\n\n\n\n<p class=\"has-luminous-vivid-orange-color has-text-color has-medium-font-size\"><strong>Sabrina Deharo \/ Jonnier&nbsp;:&nbsp;<\/strong><\/p>\n\n\n\n<ul class=\"wp-block-list\">\n<li>Championne de France snowbike<\/li>\n<\/ul>\n\n\n\n<p class=\"has-luminous-vivid-orange-color has-text-color has-medium-font-size\"><strong>Loris Maret&nbsp;:&nbsp;<\/strong><\/p>\n\n\n\n<ul class=\"wp-block-list\">\n<li>32<sup>\u00e8me<\/sup> junior classement g\u00e9n\u00e9ral coupe de France dont une 25<sup>\u00e8me<\/sup> place sur la manche de Peisey Vallandry<\/li>\n\n\n\n<li>16<sup>\u00e8me<\/sup> r\u00e9gional \u00e0 Gassin<\/li>\n<\/ul>\n\n\n\n<p class=\"has-luminous-vivid-orange-color has-text-color has-medium-font-size\"><strong>L\u00e9andre Maret&nbsp;:<\/strong><\/p>\n\n\n\n<ul class=\"wp-block-list\">\n<li>40<sup>\u00e8me<\/sup> junior au classement g\u00e9n\u00e9ral coupe de France<\/li>\n<\/ul>\n\n\n\n<p class=\"has-luminous-vivid-orange-color has-text-color has-medium-font-size\"><strong>Loris Blengini&nbsp;:<\/strong><\/p>\n\n\n\n<ul class=\"wp-block-list\">\n<li>72<sup>\u00e8me<\/sup> scratch g\u00e9n\u00e9ral coupe de France dont 2 r\u00e9sultats dans le top 50 sur deux manches (Allos et Ile-Rousse)<\/li>\n\n\n\n<li>7<sup>\u00e8me<\/sup> coupe de France VAE Elite Brassac<\/li>\n<\/ul>\n\n\n\n<p class=\"has-luminous-vivid-orange-color has-text-color has-medium-font-size\"><strong>Cl\u00e9ment Chabrol&nbsp;:<\/strong><\/p>\n\n\n\n<ul class=\"wp-block-list\">\n<li>2<sup>\u00e8me<\/sup> du G\u00e9n\u00e9ral Azur cup VAE (coupe r\u00e9gionale)<br><\/li>\n\n\n\n<li>4<sup>\u00e8me<\/sup> du G\u00e9n\u00e9ral de la coupe de France&nbsp;Open VAE dont un podium (3<sup>\u00e8me<\/sup>) \u00e0 Risoul&nbsp;<\/li>\n<\/ul>\n\n\n\n<p>Coupe du monde :<\/p>\n\n\n\n<ul class=\"wp-block-list\">\n<li>3<sup>\u00e8me<\/sup> EWS-E50 Valberg<\/li>\n\n\n\n<li>5<sup>\u00e8me<\/sup> EWS-E50 Finale Ligure<\/li>\n<\/ul>\n\n\n\n<p class=\"has-luminous-vivid-orange-color has-text-color has-medium-font-size\"><strong>Elliot Lees&nbsp;:<\/strong><\/p>\n\n\n\n<ul class=\"wp-block-list\">\n<li>2<sup>\u00e8me<\/sup> E-enduro des 3 caps<\/li>\n\n\n\n<li>10<sup>\u00e8me<\/sup> Coupe du Portugal DHI<\/li>\n\n\n\n<li>52<sup>\u00e8me<\/sup> Coupe de France DHI<\/li>\n\n\n\n<li>51<sup>\u00e8me<\/sup> Championnat d\u2019Europe UEC<\/li>\n\n\n\n<li>6<sup>\u00e8me<\/sup> Coupe de France VAE Elite BRASSAC<\/li>\n\n\n\n<li>5<sup>\u00e8me<\/sup> EWS-E100 Valberg<\/li>\n\n\n\n<li>3<sup>\u00e8me<\/sup> coupe de Bulgarie DHI<\/li>\n<\/ul>\n\n\n\n<p class=\"has-luminous-vivid-orange-color has-text-color has-medium-font-size\"><strong>Charlotte&nbsp;Rey :&nbsp;<\/strong><\/p>\n\n\n\n<ul class=\"wp-block-list\">\n<li>6<sup>\u00e8me<\/sup> Championnat de France Accous<br><\/li>\n\n\n\n<li>1<sup>\u00e8re<\/sup> du classement g\u00e9n\u00e9ral de la Coupe de France Femme dont 2 victoires sur 5 manches \u00e0 Peisey Vallandry et \u00e0 l\u2019Ile-Rousse.<\/li>\n\n\n\n<li>2<sup>\u00e8me <\/sup>\u00e0 Brassac&nbsp;<\/li>\n\n\n\n<li>2<sup>\u00e8me<\/sup> \u00e0 Risoul&nbsp;<\/li>\n\n\n\n<li>2<sup>\u00e8me<\/sup> \u00e0 Allos&nbsp;<\/li>\n\n\n\n<li>1<sup>\u00e8re<\/sup> \u00e0 Les arcs<\/li>\n\n\n\n<li>1<sup>\u00e8re<\/sup> en Corse<br><\/li>\n<\/ul>\n\n\n\n<p>EWS&nbsp;(Enduro World Series) :&nbsp;<\/p>\n\n\n\n<ul class=\"wp-block-list\">\n<li>Ecosse 28<sup>\u00e8me<\/sup> \/41<br>Petzen 30<sup>\u00e8me<\/sup> \/44<br>Val di fassa 32<sup>\u00e8me<\/sup> \/49<br>Whistler 23<sup>\u00e8me<\/sup> \/30<br>Sugarloaf 16<sup>\u00e8me<\/sup> \/30<br><\/li>\n\n\n\n<li>2<sup>\u00e8me<\/sup> du classement g\u00e9n\u00e9rale Azur Cup<\/li>\n<\/ul>\n\n\n\n<p class=\"has-luminous-vivid-orange-color has-text-color has-medium-font-size\"><strong>Marin&nbsp;Kaux :<\/strong><\/p>\n\n\n\n<ul class=\"wp-block-list\">\n<li>Vice-Champion du monde d&rsquo;Enduro par \u00e9quipe&nbsp;U21&nbsp;<\/li>\n\n\n\n<li>11<sup>\u00e8me<\/sup> U21 du classement g\u00e9n\u00e9ral des EWS (coupe du monde)&nbsp;<\/li>\n\n\n\n<li>Plusieurs 7<sup>\u00e8me<\/sup> place U21 en Coupe du monde&nbsp;(Slov\u00e9nie et France)&nbsp;<\/li>\n\n\n\n<li>9<sup>\u00e8me<\/sup> scratch de la coupe de France de l&rsquo;Ile-Rousse<\/li>\n<\/ul>\n","protected":false},"excerpt":{"rendered":"<p>Notre objectif premier est l&rsquo;accompagnement de nos jeunes dans les disciplines qu&rsquo;ils affectionnent tout particuli\u00e8rement. Apr\u00e8s avoir eu une p\u00e9riode XC, puis DH, puis XC \u00e0 nouveau, nous sommes actuellement dans un cycle Enduro. Nous ferons le maximum pour que nos jeunes s&rsquo;\u00e9panouissent dans cette discipline, mais nous oublions pas les autres. Nous sommes \u00e0 &hellip; <\/p>\n<p class=\"link-more\"><a href=\"https:\/\/acgassinois.com\/index.php\/nos-champions\/\" class=\"more-link\">Continuer la lecture<span class=\"screen-reader-text\"> de &laquo;&nbsp;Nos Champions&nbsp;&raquo;<\/span><\/a><\/p>\n","protected":false},"author":1,"featured_media":551,"parent":0,"menu_order":0,"comment_status":"closed","ping_status":"closed","template":"","meta":{"_acf_changed":false,"_themeisle_gutenberg_block_has_review":false,"footnotes":""},"class_list":["post-70","page","type-page","status-publish","has-post-thumbnail","hentry"],"acf":[],"yoast_head":"<!-- This site is optimized with the Yoast SEO plugin v27.3 - https:\/\/yoast.com\/product\/yoast-seo-wordpress\/ -->\n<title>Nos Champions - Avenir Cycliste Gassinois<\/title>\n<meta name=\"description\" content=\"L&#039;objectif premier de l&#039;Avenir Cycliste Gassinois est l&#039;accompagnement de nos jeunes \u00e0 travers diff\u00e9rentes disciplines qu&#039;ils affectionnent...\" \/>\n<meta name=\"robots\" content=\"index, follow, max-snippet:-1, max-image-preview:large, max-video-preview:-1\" \/>\n<link rel=\"canonical\" href=\"https:\/\/acgassinois.com\/index.php\/nos-champions\/\" \/>\n<meta property=\"og:locale\" content=\"fr_FR\" \/>\n<meta property=\"og:type\" content=\"article\" \/>\n<meta property=\"og:title\" content=\"Nos Champions - Avenir Cycliste Gassinois\" \/>\n<meta property=\"og:description\" content=\"L&#039;objectif premier de l&#039;Avenir Cycliste Gassinois est l&#039;accompagnement de nos jeunes \u00e0 travers diff\u00e9rentes disciplines qu&#039;ils affectionnent...\" \/>\n<meta property=\"og:url\" content=\"https:\/\/acgassinois.com\/index.php\/nos-champions\/\" \/>\n<meta property=\"og:site_name\" content=\"Avenir Cycliste Gassinois\" \/>\n<meta property=\"article:publisher\" content=\"https:\/\/www.facebook.com\/ACGassin\/\" \/>\n<meta property=\"article:modified_time\" content=\"2022-12-01T14:29:30+00:00\" \/>\n<meta property=\"og:image\" content=\"https:\/\/acgassinois.com\/wp-content\/uploads\/2019\/12\/Photo-enduriste-3-scaled.jpg\" \/>\n\t<meta property=\"og:image:width\" content=\"2560\" \/>\n\t<meta property=\"og:image:height\" content=\"1709\" \/>\n\t<meta property=\"og:image:type\" content=\"image\/jpeg\" \/>\n<meta name=\"twitter:card\" content=\"summary_large_image\" \/>\n<meta name=\"twitter:label1\" content=\"Dur\u00e9e de lecture estim\u00e9e\" \/>\n\t<meta name=\"twitter:data1\" content=\"3 minutes\" \/>\n<script type=\"application\/ld+json\" class=\"yoast-schema-graph\">{\"@context\":\"https:\\\/\\\/schema.org\",\"@graph\":[{\"@type\":\"WebPage\",\"@id\":\"https:\\\/\\\/acgassinois.com\\\/index.php\\\/nos-champions\\\/\",\"url\":\"https:\\\/\\\/acgassinois.com\\\/index.php\\\/nos-champions\\\/\",\"name\":\"Nos Champions - Avenir Cycliste Gassinois\",\"isPartOf\":{\"@id\":\"https:\\\/\\\/acgassinois.com\\\/#website\"},\"primaryImageOfPage\":{\"@id\":\"https:\\\/\\\/acgassinois.com\\\/index.php\\\/nos-champions\\\/#primaryimage\"},\"image\":{\"@id\":\"https:\\\/\\\/acgassinois.com\\\/index.php\\\/nos-champions\\\/#primaryimage\"},\"thumbnailUrl\":\"https:\\\/\\\/acgassinois.com\\\/wp-content\\\/uploads\\\/2019\\\/12\\\/Photo-enduriste-3-scaled.jpg\",\"datePublished\":\"2019-10-09T18:47:40+00:00\",\"dateModified\":\"2022-12-01T14:29:30+00:00\",\"description\":\"L'objectif premier de l'Avenir Cycliste Gassinois est l'accompagnement de nos jeunes \u00e0 travers diff\u00e9rentes disciplines qu'ils affectionnent...\",\"breadcrumb\":{\"@id\":\"https:\\\/\\\/acgassinois.com\\\/index.php\\\/nos-champions\\\/#breadcrumb\"},\"inLanguage\":\"fr-FR\",\"potentialAction\":[{\"@type\":\"ReadAction\",\"target\":[\"https:\\\/\\\/acgassinois.com\\\/index.php\\\/nos-champions\\\/\"]}]},{\"@type\":\"ImageObject\",\"inLanguage\":\"fr-FR\",\"@id\":\"https:\\\/\\\/acgassinois.com\\\/index.php\\\/nos-champions\\\/#primaryimage\",\"url\":\"https:\\\/\\\/acgassinois.com\\\/wp-content\\\/uploads\\\/2019\\\/12\\\/Photo-enduriste-3-scaled.jpg\",\"contentUrl\":\"https:\\\/\\\/acgassinois.com\\\/wp-content\\\/uploads\\\/2019\\\/12\\\/Photo-enduriste-3-scaled.jpg\",\"width\":2560,\"height\":1709,\"caption\":\"De gauche \u00e0 droite : Nans Vaubourzeix, Marin Kaux, Loris Blengini, Charlotte Rey\"},{\"@type\":\"BreadcrumbList\",\"@id\":\"https:\\\/\\\/acgassinois.com\\\/index.php\\\/nos-champions\\\/#breadcrumb\",\"itemListElement\":[{\"@type\":\"ListItem\",\"position\":1,\"name\":\"Accueil\",\"item\":\"https:\\\/\\\/acgassinois.com\\\/\"},{\"@type\":\"ListItem\",\"position\":2,\"name\":\"Nos Champions\"}]},{\"@type\":\"WebSite\",\"@id\":\"https:\\\/\\\/acgassinois.com\\\/#website\",\"url\":\"https:\\\/\\\/acgassinois.com\\\/\",\"name\":\"Avenir Cycliste Gassinois\",\"description\":\"\",\"publisher\":{\"@id\":\"https:\\\/\\\/acgassinois.com\\\/#organization\"},\"potentialAction\":[{\"@type\":\"SearchAction\",\"target\":{\"@type\":\"EntryPoint\",\"urlTemplate\":\"https:\\\/\\\/acgassinois.com\\\/?s={search_term_string}\"},\"query-input\":{\"@type\":\"PropertyValueSpecification\",\"valueRequired\":true,\"valueName\":\"search_term_string\"}}],\"inLanguage\":\"fr-FR\"},{\"@type\":\"Organization\",\"@id\":\"https:\\\/\\\/acgassinois.com\\\/#organization\",\"name\":\"Avenir Cycliste Gassinois\",\"url\":\"https:\\\/\\\/acgassinois.com\\\/\",\"logo\":{\"@type\":\"ImageObject\",\"inLanguage\":\"fr-FR\",\"@id\":\"https:\\\/\\\/acgassinois.com\\\/#\\\/schema\\\/logo\\\/image\\\/\",\"url\":\"https:\\\/\\\/acgassinois.com\\\/wp-content\\\/uploads\\\/2019\\\/10\\\/logo_acg.png\",\"contentUrl\":\"https:\\\/\\\/acgassinois.com\\\/wp-content\\\/uploads\\\/2019\\\/10\\\/logo_acg.png\",\"width\":1753,\"height\":1240,\"caption\":\"Avenir Cycliste Gassinois\"},\"image\":{\"@id\":\"https:\\\/\\\/acgassinois.com\\\/#\\\/schema\\\/logo\\\/image\\\/\"},\"sameAs\":[\"https:\\\/\\\/www.facebook.com\\\/ACGassin\\\/\",\"https:\\\/\\\/www.instagram.com\\\/acgassinois\\\/\"]}]}<\/script>\n<!-- \/ Yoast SEO plugin. -->","yoast_head_json":{"title":"Nos Champions - Avenir Cycliste Gassinois","description":"L'objectif premier de l'Avenir Cycliste Gassinois est l'accompagnement de nos jeunes \u00e0 travers diff\u00e9rentes disciplines qu'ils affectionnent...","robots":{"index":"index","follow":"follow","max-snippet":"max-snippet:-1","max-image-preview":"max-image-preview:large","max-video-preview":"max-video-preview:-1"},"canonical":"https:\/\/acgassinois.com\/index.php\/nos-champions\/","og_locale":"fr_FR","og_type":"article","og_title":"Nos Champions - Avenir Cycliste Gassinois","og_description":"L'objectif premier de l'Avenir Cycliste Gassinois est l'accompagnement de nos jeunes \u00e0 travers diff\u00e9rentes disciplines qu'ils affectionnent...","og_url":"https:\/\/acgassinois.com\/index.php\/nos-champions\/","og_site_name":"Avenir Cycliste Gassinois","article_publisher":"https:\/\/www.facebook.com\/ACGassin\/","article_modified_time":"2022-12-01T14:29:30+00:00","og_image":[{"width":2560,"height":1709,"url":"https:\/\/acgassinois.com\/wp-content\/uploads\/2019\/12\/Photo-enduriste-3-scaled.jpg","type":"image\/jpeg"}],"twitter_card":"summary_large_image","twitter_misc":{"Dur\u00e9e de lecture estim\u00e9e":"3 minutes"},"schema":{"@context":"https:\/\/schema.org","@graph":[{"@type":"WebPage","@id":"https:\/\/acgassinois.com\/index.php\/nos-champions\/","url":"https:\/\/acgassinois.com\/index.php\/nos-champions\/","name":"Nos Champions - Avenir Cycliste Gassinois","isPartOf":{"@id":"https:\/\/acgassinois.com\/#website"},"primaryImageOfPage":{"@id":"https:\/\/acgassinois.com\/index.php\/nos-champions\/#primaryimage"},"image":{"@id":"https:\/\/acgassinois.com\/index.php\/nos-champions\/#primaryimage"},"thumbnailUrl":"https:\/\/acgassinois.com\/wp-content\/uploads\/2019\/12\/Photo-enduriste-3-scaled.jpg","datePublished":"2019-10-09T18:47:40+00:00","dateModified":"2022-12-01T14:29:30+00:00","description":"L'objectif premier de l'Avenir Cycliste Gassinois est l'accompagnement de nos jeunes \u00e0 travers diff\u00e9rentes disciplines qu'ils affectionnent...","breadcrumb":{"@id":"https:\/\/acgassinois.com\/index.php\/nos-champions\/#breadcrumb"},"inLanguage":"fr-FR","potentialAction":[{"@type":"ReadAction","target":["https:\/\/acgassinois.com\/index.php\/nos-champions\/"]}]},{"@type":"ImageObject","inLanguage":"fr-FR","@id":"https:\/\/acgassinois.com\/index.php\/nos-champions\/#primaryimage","url":"https:\/\/acgassinois.com\/wp-content\/uploads\/2019\/12\/Photo-enduriste-3-scaled.jpg","contentUrl":"https:\/\/acgassinois.com\/wp-content\/uploads\/2019\/12\/Photo-enduriste-3-scaled.jpg","width":2560,"height":1709,"caption":"De gauche \u00e0 droite : Nans Vaubourzeix, Marin Kaux, Loris Blengini, Charlotte Rey"},{"@type":"BreadcrumbList","@id":"https:\/\/acgassinois.com\/index.php\/nos-champions\/#breadcrumb","itemListElement":[{"@type":"ListItem","position":1,"name":"Accueil","item":"https:\/\/acgassinois.com\/"},{"@type":"ListItem","position":2,"name":"Nos Champions"}]},{"@type":"WebSite","@id":"https:\/\/acgassinois.com\/#website","url":"https:\/\/acgassinois.com\/","name":"Avenir Cycliste Gassinois","description":"","publisher":{"@id":"https:\/\/acgassinois.com\/#organization"},"potentialAction":[{"@type":"SearchAction","target":{"@type":"EntryPoint","urlTemplate":"https:\/\/acgassinois.com\/?s={search_term_string}"},"query-input":{"@type":"PropertyValueSpecification","valueRequired":true,"valueName":"search_term_string"}}],"inLanguage":"fr-FR"},{"@type":"Organization","@id":"https:\/\/acgassinois.com\/#organization","name":"Avenir Cycliste Gassinois","url":"https:\/\/acgassinois.com\/","logo":{"@type":"ImageObject","inLanguage":"fr-FR","@id":"https:\/\/acgassinois.com\/#\/schema\/logo\/image\/","url":"https:\/\/acgassinois.com\/wp-content\/uploads\/2019\/10\/logo_acg.png","contentUrl":"https:\/\/acgassinois.com\/wp-content\/uploads\/2019\/10\/logo_acg.png","width":1753,"height":1240,"caption":"Avenir Cycliste Gassinois"},"image":{"@id":"https:\/\/acgassinois.com\/#\/schema\/logo\/image\/"},"sameAs":["https:\/\/www.facebook.com\/ACGassin\/","https:\/\/www.instagram.com\/acgassinois\/"]}]}},"_links":{"self":[{"href":"https:\/\/acgassinois.com\/index.php\/wp-json\/wp\/v2\/pages\/70","targetHints":{"allow":["GET"]}}],"collection":[{"href":"https:\/\/acgassinois.com\/index.php\/wp-json\/wp\/v2\/pages"}],"about":[{"href":"https:\/\/acgassinois.com\/index.php\/wp-json\/wp\/v2\/types\/page"}],"author":[{"embeddable":true,"href":"https:\/\/acgassinois.com\/index.php\/wp-json\/wp\/v2\/users\/1"}],"replies":[{"embeddable":true,"href":"https:\/\/acgassinois.com\/index.php\/wp-json\/wp\/v2\/comments?post=70"}],"version-history":[{"count":14,"href":"https:\/\/acgassinois.com\/index.php\/wp-json\/wp\/v2\/pages\/70\/revisions"}],"predecessor-version":[{"id":933,"href":"https:\/\/acgassinois.com\/index.php\/wp-json\/wp\/v2\/pages\/70\/revisions\/933"}],"wp:featuredmedia":[{"embeddable":true,"href":"https:\/\/acgassinois.com\/index.php\/wp-json\/wp\/v2\/media\/551"}],"wp:attachment":[{"href":"https:\/\/acgassinois.com\/index.php\/wp-json\/wp\/v2\/media?parent=70"}],"curies":[{"name":"wp","href":"https:\/\/api.w.org\/{rel}","templated":true}]}}