{"id":719,"date":"2020-03-08T14:36:14","date_gmt":"2020-03-08T14:36:14","guid":{"rendered":"https:\/\/acgassinois.com\/?page_id=719"},"modified":"2020-03-09T11:32:17","modified_gmt":"2020-03-09T11:32:17","slug":"2020-4","status":"publish","type":"page","link":"https:\/\/acgassinois.com\/index.php\/2020-4\/","title":{"rendered":"2020"},"content":{"rendered":"\n<div class=\"wp-block-file\"><a href=\"https:\/\/acgassinois.com\/wp-content\/uploads\/2020\/03\/Classements-3-Caps-2020.xls\">Classements-3-Caps-2020<\/a><a href=\"https:\/\/acgassinois.com\/wp-content\/uploads\/2020\/03\/Classements-3-Caps-2020.xls\" class=\"wp-block-file__button\" download>T\u00e9l\u00e9charger<\/a><\/div>\n\n\n\n<figure class=\"wp-block-image size-large\"><img loading=\"lazy\" decoding=\"async\" width=\"729\" height=\"1024\" src=\"https:\/\/acgassinois.com\/wp-content\/uploads\/2020\/03\/Affiche-3cap-729x1024.jpg\" alt=\"\" class=\"wp-image-711\" srcset=\"https:\/\/acgassinois.com\/wp-content\/uploads\/2020\/03\/Affiche-3cap-729x1024.jpg 729w, https:\/\/acgassinois.com\/wp-content\/uploads\/2020\/03\/Affiche-3cap-213x300.jpg 213w, https:\/\/acgassinois.com\/wp-content\/uploads\/2020\/03\/Affiche-3cap-768x1079.jpg 768w, https:\/\/acgassinois.com\/wp-content\/uploads\/2020\/03\/Affiche-3cap.jpg 900w\" sizes=\"auto, (max-width: 729px) 100vw, 729px\" \/><\/figure>\n","protected":false},"excerpt":{"rendered":"","protected":false},"author":1,"featured_media":0,"parent":0,"menu_order":0,"comment_status":"closed","ping_status":"closed","template":"","meta":{"_acf_changed":false,"_themeisle_gutenberg_block_has_review":false,"footnotes":""},"class_list":["post-719","page","type-page","status-publish","hentry"],"acf":[],"yoast_head":"<!-- This site is optimized with the Yoast SEO plugin v27.3 - https:\/\/yoast.com\/product\/yoast-seo-wordpress\/ -->\n<title>2020 - Avenir Cycliste Gassinois<\/title>\n<meta name=\"description\" content=\"R\u00e9sultats de l&#039;enduro des 3 caps \u00e9dition 2020, course organis\u00e9e par l&#039;Avenir Cycliste Gassinois.\" \/>\n<meta name=\"robots\" content=\"index, follow, max-snippet:-1, max-image-preview:large, max-video-preview:-1\" \/>\n<link rel=\"canonical\" href=\"https:\/\/acgassinois.com\/index.php\/2020-4\/\" \/>\n<meta property=\"og:locale\" content=\"fr_FR\" \/>\n<meta property=\"og:type\" content=\"article\" \/>\n<meta property=\"og:title\" content=\"2020 - Avenir Cycliste Gassinois\" \/>\n<meta property=\"og:description\" content=\"R\u00e9sultats de l&#039;enduro des 3 caps \u00e9dition 2020, course organis\u00e9e par l&#039;Avenir Cycliste Gassinois.\" \/>\n<meta property=\"og:url\" content=\"https:\/\/acgassinois.com\/index.php\/2020-4\/\" \/>\n<meta property=\"og:site_name\" content=\"Avenir Cycliste Gassinois\" \/>\n<meta property=\"article:publisher\" content=\"https:\/\/www.facebook.com\/ACGassin\/\" \/>\n<meta property=\"article:modified_time\" content=\"2020-03-09T11:32:17+00:00\" \/>\n<meta property=\"og:image\" content=\"https:\/\/acgassinois.com\/wp-content\/uploads\/2020\/03\/Affiche-3cap-729x1024.jpg\" \/>\n<meta name=\"twitter:card\" content=\"summary_large_image\" \/>\n<script type=\"application\/ld+json\" class=\"yoast-schema-graph\">{\"@context\":\"https:\\\/\\\/schema.org\",\"@graph\":[{\"@type\":\"WebPage\",\"@id\":\"https:\\\/\\\/acgassinois.com\\\/index.php\\\/2020-4\\\/\",\"url\":\"https:\\\/\\\/acgassinois.com\\\/index.php\\\/2020-4\\\/\",\"name\":\"2020 - Avenir Cycliste Gassinois\",\"isPartOf\":{\"@id\":\"https:\\\/\\\/acgassinois.com\\\/#website\"},\"primaryImageOfPage\":{\"@id\":\"https:\\\/\\\/acgassinois.com\\\/index.php\\\/2020-4\\\/#primaryimage\"},\"image\":{\"@id\":\"https:\\\/\\\/acgassinois.com\\\/index.php\\\/2020-4\\\/#primaryimage\"},\"thumbnailUrl\":\"https:\\\/\\\/acgassinois.com\\\/wp-content\\\/uploads\\\/2020\\\/03\\\/Affiche-3cap-729x1024.jpg\",\"datePublished\":\"2020-03-08T14:36:14+00:00\",\"dateModified\":\"2020-03-09T11:32:17+00:00\",\"description\":\"R\u00e9sultats de l'enduro des 3 caps \u00e9dition 2020, course organis\u00e9e par l'Avenir Cycliste Gassinois.\",\"breadcrumb\":{\"@id\":\"https:\\\/\\\/acgassinois.com\\\/index.php\\\/2020-4\\\/#breadcrumb\"},\"inLanguage\":\"fr-FR\",\"potentialAction\":[{\"@type\":\"ReadAction\",\"target\":[\"https:\\\/\\\/acgassinois.com\\\/index.php\\\/2020-4\\\/\"]}]},{\"@type\":\"ImageObject\",\"inLanguage\":\"fr-FR\",\"@id\":\"https:\\\/\\\/acgassinois.com\\\/index.php\\\/2020-4\\\/#primaryimage\",\"url\":\"https:\\\/\\\/acgassinois.com\\\/wp-content\\\/uploads\\\/2020\\\/03\\\/Affiche-3cap.jpg\",\"contentUrl\":\"https:\\\/\\\/acgassinois.com\\\/wp-content\\\/uploads\\\/2020\\\/03\\\/Affiche-3cap.jpg\",\"width\":900,\"height\":1265},{\"@type\":\"BreadcrumbList\",\"@id\":\"https:\\\/\\\/acgassinois.com\\\/index.php\\\/2020-4\\\/#breadcrumb\",\"itemListElement\":[{\"@type\":\"ListItem\",\"position\":1,\"name\":\"Accueil\",\"item\":\"https:\\\/\\\/acgassinois.com\\\/\"},{\"@type\":\"ListItem\",\"position\":2,\"name\":\"2020\"}]},{\"@type\":\"WebSite\",\"@id\":\"https:\\\/\\\/acgassinois.com\\\/#website\",\"url\":\"https:\\\/\\\/acgassinois.com\\\/\",\"name\":\"Avenir Cycliste Gassinois\",\"description\":\"\",\"publisher\":{\"@id\":\"https:\\\/\\\/acgassinois.com\\\/#organization\"},\"potentialAction\":[{\"@type\":\"SearchAction\",\"target\":{\"@type\":\"EntryPoint\",\"urlTemplate\":\"https:\\\/\\\/acgassinois.com\\\/?s={search_term_string}\"},\"query-input\":{\"@type\":\"PropertyValueSpecification\",\"valueRequired\":true,\"valueName\":\"search_term_string\"}}],\"inLanguage\":\"fr-FR\"},{\"@type\":\"Organization\",\"@id\":\"https:\\\/\\\/acgassinois.com\\\/#organization\",\"name\":\"Avenir Cycliste Gassinois\",\"url\":\"https:\\\/\\\/acgassinois.com\\\/\",\"logo\":{\"@type\":\"ImageObject\",\"inLanguage\":\"fr-FR\",\"@id\":\"https:\\\/\\\/acgassinois.com\\\/#\\\/schema\\\/logo\\\/image\\\/\",\"url\":\"https:\\\/\\\/acgassinois.com\\\/wp-content\\\/uploads\\\/2019\\\/10\\\/logo_acg.png\",\"contentUrl\":\"https:\\\/\\\/acgassinois.com\\\/wp-content\\\/uploads\\\/2019\\\/10\\\/logo_acg.png\",\"width\":1753,\"height\":1240,\"caption\":\"Avenir Cycliste Gassinois\"},\"image\":{\"@id\":\"https:\\\/\\\/acgassinois.com\\\/#\\\/schema\\\/logo\\\/image\\\/\"},\"sameAs\":[\"https:\\\/\\\/www.facebook.com\\\/ACGassin\\\/\",\"https:\\\/\\\/www.instagram.com\\\/acgassinois\\\/\"]}]}<\/script>\n<!-- \/ Yoast SEO plugin. -->","yoast_head_json":{"title":"2020 - Avenir Cycliste Gassinois","description":"R\u00e9sultats de l'enduro des 3 caps \u00e9dition 2020, course organis\u00e9e par l'Avenir Cycliste Gassinois.","robots":{"index":"index","follow":"follow","max-snippet":"max-snippet:-1","max-image-preview":"max-image-preview:large","max-video-preview":"max-video-preview:-1"},"canonical":"https:\/\/acgassinois.com\/index.php\/2020-4\/","og_locale":"fr_FR","og_type":"article","og_title":"2020 - Avenir Cycliste Gassinois","og_description":"R\u00e9sultats de l'enduro des 3 caps \u00e9dition 2020, course organis\u00e9e par l'Avenir Cycliste Gassinois.","og_url":"https:\/\/acgassinois.com\/index.php\/2020-4\/","og_site_name":"Avenir Cycliste Gassinois","article_publisher":"https:\/\/www.facebook.com\/ACGassin\/","article_modified_time":"2020-03-09T11:32:17+00:00","og_image":[{"url":"https:\/\/acgassinois.com\/wp-content\/uploads\/2020\/03\/Affiche-3cap-729x1024.jpg","type":"","width":"","height":""}],"twitter_card":"summary_large_image","schema":{"@context":"https:\/\/schema.org","@graph":[{"@type":"WebPage","@id":"https:\/\/acgassinois.com\/index.php\/2020-4\/","url":"https:\/\/acgassinois.com\/index.php\/2020-4\/","name":"2020 - Avenir Cycliste Gassinois","isPartOf":{"@id":"https:\/\/acgassinois.com\/#website"},"primaryImageOfPage":{"@id":"https:\/\/acgassinois.com\/index.php\/2020-4\/#primaryimage"},"image":{"@id":"https:\/\/acgassinois.com\/index.php\/2020-4\/#primaryimage"},"thumbnailUrl":"https:\/\/acgassinois.com\/wp-content\/uploads\/2020\/03\/Affiche-3cap-729x1024.jpg","datePublished":"2020-03-08T14:36:14+00:00","dateModified":"2020-03-09T11:32:17+00:00","description":"R\u00e9sultats de l'enduro des 3 caps \u00e9dition 2020, course organis\u00e9e par l'Avenir Cycliste Gassinois.","breadcrumb":{"@id":"https:\/\/acgassinois.com\/index.php\/2020-4\/#breadcrumb"},"inLanguage":"fr-FR","potentialAction":[{"@type":"ReadAction","target":["https:\/\/acgassinois.com\/index.php\/2020-4\/"]}]},{"@type":"ImageObject","inLanguage":"fr-FR","@id":"https:\/\/acgassinois.com\/index.php\/2020-4\/#primaryimage","url":"https:\/\/acgassinois.com\/wp-content\/uploads\/2020\/03\/Affiche-3cap.jpg","contentUrl":"https:\/\/acgassinois.com\/wp-content\/uploads\/2020\/03\/Affiche-3cap.jpg","width":900,"height":1265},{"@type":"BreadcrumbList","@id":"https:\/\/acgassinois.com\/index.php\/2020-4\/#breadcrumb","itemListElement":[{"@type":"ListItem","position":1,"name":"Accueil","item":"https:\/\/acgassinois.com\/"},{"@type":"ListItem","position":2,"name":"2020"}]},{"@type":"WebSite","@id":"https:\/\/acgassinois.com\/#website","url":"https:\/\/acgassinois.com\/","name":"Avenir Cycliste Gassinois","description":"","publisher":{"@id":"https:\/\/acgassinois.com\/#organization"},"potentialAction":[{"@type":"SearchAction","target":{"@type":"EntryPoint","urlTemplate":"https:\/\/acgassinois.com\/?s={search_term_string}"},"query-input":{"@type":"PropertyValueSpecification","valueRequired":true,"valueName":"search_term_string"}}],"inLanguage":"fr-FR"},{"@type":"Organization","@id":"https:\/\/acgassinois.com\/#organization","name":"Avenir Cycliste Gassinois","url":"https:\/\/acgassinois.com\/","logo":{"@type":"ImageObject","inLanguage":"fr-FR","@id":"https:\/\/acgassinois.com\/#\/schema\/logo\/image\/","url":"https:\/\/acgassinois.com\/wp-content\/uploads\/2019\/10\/logo_acg.png","contentUrl":"https:\/\/acgassinois.com\/wp-content\/uploads\/2019\/10\/logo_acg.png","width":1753,"height":1240,"caption":"Avenir Cycliste Gassinois"},"image":{"@id":"https:\/\/acgassinois.com\/#\/schema\/logo\/image\/"},"sameAs":["https:\/\/www.facebook.com\/ACGassin\/","https:\/\/www.instagram.com\/acgassinois\/"]}]}},"_links":{"self":[{"href":"https:\/\/acgassinois.com\/index.php\/wp-json\/wp\/v2\/pages\/719","targetHints":{"allow":["GET"]}}],"collection":[{"href":"https:\/\/acgassinois.com\/index.php\/wp-json\/wp\/v2\/pages"}],"about":[{"href":"https:\/\/acgassinois.com\/index.php\/wp-json\/wp\/v2\/types\/page"}],"author":[{"embeddable":true,"href":"https:\/\/acgassinois.com\/index.php\/wp-json\/wp\/v2\/users\/1"}],"replies":[{"embeddable":true,"href":"https:\/\/acgassinois.com\/index.php\/wp-json\/wp\/v2\/comments?post=719"}],"version-history":[{"count":6,"href":"https:\/\/acgassinois.com\/index.php\/wp-json\/wp\/v2\/pages\/719\/revisions"}],"predecessor-version":[{"id":731,"href":"https:\/\/acgassinois.com\/index.php\/wp-json\/wp\/v2\/pages\/719\/revisions\/731"}],"wp:attachment":[{"href":"https:\/\/acgassinois.com\/index.php\/wp-json\/wp\/v2\/media?parent=719"}],"curies":[{"name":"wp","href":"https:\/\/api.w.org\/{rel}","templated":true}]}}